{"id":1240,"date":"2023-06-24T17:33:21","date_gmt":"2023-06-24T15:33:21","guid":{"rendered":"https:\/\/sy-savane-company.com\/?page_id=1240"},"modified":"2026-02-23T15:55:03","modified_gmt":"2026-02-23T14:55:03","slug":"vente-de-machine","status":"publish","type":"page","link":"https:\/\/sy-savane-company.com\/?page_id=1240","title":{"rendered":"Location et Vente de v\u00e9hicules"},"content":{"rendered":"\t\t<div data-elementor-type=\"wp-page\" data-elementor-id=\"1240\" class=\"elementor elementor-1240\">\n\t\t\t\t\t\t<section class=\"elementor-section elementor-top-section elementor-element elementor-element-049c2b5 elementor-section-boxed elementor-section-height-default elementor-section-height-default elementor-invisible\" data-id=\"049c2b5\" data-element_type=\"section\" data-settings=\"{&quot;background_background&quot;:&quot;classic&quot;,&quot;animation&quot;:&quot;fadeInRight&quot;}\">\n\t\t\t\t\t\t\t<div class=\"elementor-background-overlay\"><\/div>\n\t\t\t\t\t\t\t<div class=\"elementor-container elementor-column-gap-no\">\n\t\t\t\t\t<div class=\"elementor-column elementor-col-100 elementor-top-column elementor-element elementor-element-4eb3e62\" data-id=\"4eb3e62\" data-element_type=\"column\">\n\t\t\t<div class=\"elementor-widget-wrap elementor-element-populated\">\n\t\t\t\t\t\t<div class=\"elementor-element elementor-element-480dc60 elementor-widget elementor-widget-heading\" data-id=\"480dc60\" data-element_type=\"widget\" data-widget_type=\"heading.default\">\n\t\t\t\t<div class=\"elementor-widget-container\">\n\t\t\t\t\t<h1 class=\"elementor-heading-title elementor-size-default\">Location et Vente de V\u00e9hicules<\/h1>\t\t\t\t<\/div>\n\t\t\t\t<\/div>\n\t\t\t\t\t<\/div>\n\t\t<\/div>\n\t\t\t\t\t<\/div>\n\t\t<\/section>\n\t\t\t\t<section class=\"elementor-section elementor-top-section elementor-element elementor-element-b7ba029 elementor-section-boxed elementor-section-height-default elementor-section-height-default\" data-id=\"b7ba029\" data-element_type=\"section\" data-settings=\"{&quot;shape_divider_top&quot;:&quot;wave-brush&quot;}\">\n\t\t\t\t\t<div class=\"elementor-shape elementor-shape-top\" aria-hidden=\"true\" data-negative=\"false\">\n\t\t\t<svg xmlns=\"http:\/\/www.w3.org\/2000\/svg\" viewBox=\"0 0 283.5 27.8\" preserveAspectRatio=\"none\">\n\t<path class=\"elementor-shape-fill\" d=\"M283.5,9.7c0,0-7.3,4.3-14,4.6c-6.8,0.3-12.6,0-20.9-1.5c-11.3-2-33.1-10.1-44.7-5.7\ts-12.1,4.6-18,7.4c-6.6,3.2-20,9.6-36.6,9.3C131.6,23.5,99.5,7.2,86.3,8c-1.4,0.1-6.6,0.8-10.5,2c-3.8,1.2-9.4,3.8-17,4.7\tc-3.2,0.4-8.3,1.1-14.2,0.9c-1.5-0.1-6.3-0.4-12-1.6c-5.7-1.2-11-3.1-15.8-3.7C6.5,9.2,0,10.8,0,10.8V0h283.5V9.7z M260.8,11.3\tc-0.7-1-2-0.4-4.3-0.4c-2.3,0-6.1-1.2-5.8-1.1c0.3,0.1,3.1,1.5,6,1.9C259.7,12.2,261.4,12.3,260.8,11.3z M242.4,8.6\tc0,0-2.4-0.2-5.6-0.9c-3.2-0.8-10.3-2.8-15.1-3.5c-8.2-1.1-15.8,0-15.1,0.1c0.8,0.1,9.6-0.6,17.6,1.1c3.3,0.7,9.3,2.2,12.4,2.7\tC239.9,8.7,242.4,8.6,242.4,8.6z M185.2,8.5c1.7-0.7-13.3,4.7-18.5,6.1c-2.1,0.6-6.2,1.6-10,2c-3.9,0.4-8.9,0.4-8.8,0.5\tc0,0.2,5.8,0.8,11.2,0c5.4-0.8,5.2-1.1,7.6-1.6C170.5,14.7,183.5,9.2,185.2,8.5z M199.1,6.9c0.2,0-0.8-0.4-4.8,1.1\tc-4,1.5-6.7,3.5-6.9,3.7c-0.2,0.1,3.5-1.8,6.6-3C197,7.5,199,6.9,199.1,6.9z M283,6c-0.1,0.1-1.9,1.1-4.8,2.5s-6.9,2.8-6.7,2.7\tc0.2,0,3.5-0.6,7.4-2.5C282.8,6.8,283.1,5.9,283,6z M31.3,11.6c0.1-0.2-1.9-0.2-4.5-1.2s-5.4-1.6-7.8-2C15,7.6,7.3,8.5,7.7,8.6\tC8,8.7,15.9,8.3,20.2,9.3c2.2,0.5,2.4,0.5,5.7,1.6S31.2,11.9,31.3,11.6z M73,9.2c0.4-0.1,3.5-1.6,8.4-2.6c4.9-1.1,8.9-0.5,8.9-0.8\tc0-0.3-1-0.9-6.2-0.3S72.6,9.3,73,9.2z M71.6,6.7C71.8,6.8,75,5.4,77.3,5c2.3-0.3,1.9-0.5,1.9-0.6c0-0.1-1.1-0.2-2.7,0.2\tC74.8,5.1,71.4,6.6,71.6,6.7z M93.6,4.4c0.1,0.2,3.5,0.8,5.6,1.8c2.1,1,1.8,0.6,1.9,0.5c0.1-0.1-0.8-0.8-2.4-1.3\tC97.1,4.8,93.5,4.2,93.6,4.4z M65.4,11.1c-0.1,0.3,0.3,0.5,1.9-0.2s2.6-1.3,2.2-1.2s-0.9,0.4-2.5,0.8C65.3,10.9,65.5,10.8,65.4,11.1\tz M34.5,12.4c-0.2,0,2.1,0.8,3.3,0.9c1.2,0.1,2,0.1,2-0.2c0-0.3-0.1-0.5-1.6-0.4C36.6,12.8,34.7,12.4,34.5,12.4z M152.2,21.1\tc-0.1,0.1-2.4-0.3-7.5-0.3c-5,0-13.6-2.4-17.2-3.5c-3.6-1.1,10,3.9,16.5,4.1C150.5,21.6,152.3,21,152.2,21.1z\"\/>\n\t<path class=\"elementor-shape-fill\" d=\"M269.6,18c-0.1-0.1-4.6,0.3-7.2,0c-7.3-0.7-17-3.2-16.6-2.9c0.4,0.3,13.7,3.1,17,3.3\tC267.7,18.8,269.7,18,269.6,18z\"\/>\n\t<path class=\"elementor-shape-fill\" d=\"M227.4,9.8c-0.2-0.1-4.5-1-9.5-1.2c-5-0.2-12.7,0.6-12.3,0.5c0.3-0.1,5.9-1.8,13.3-1.2\tS227.6,9.9,227.4,9.8z\"\/>\n\t<path class=\"elementor-shape-fill\" d=\"M204.5,13.4c-0.1-0.1,2-1,3.2-1.1c1.2-0.1,2,0,2,0.3c0,0.3-0.1,0.5-1.6,0.4\tC206.4,12.9,204.6,13.5,204.5,13.4z\"\/>\n\t<path class=\"elementor-shape-fill\" d=\"M201,10.6c0-0.1-4.4,1.2-6.3,2.2c-1.9,0.9-6.2,3.1-6.1,3.1c0.1,0.1,4.2-1.6,6.3-2.6\tS201,10.7,201,10.6z\"\/>\n\t<path class=\"elementor-shape-fill\" d=\"M154.5,26.7c-0.1-0.1-4.6,0.3-7.2,0c-7.3-0.7-17-3.2-16.6-2.9c0.4,0.3,13.7,3.1,17,3.3\tC152.6,27.5,154.6,26.8,154.5,26.7z\"\/>\n\t<path class=\"elementor-shape-fill\" d=\"M41.9,19.3c0,0,1.2-0.3,2.9-0.1c1.7,0.2,5.8,0.9,8.2,0.7c4.2-0.4,7.4-2.7,7-2.6\tc-0.4,0-4.3,2.2-8.6,1.9c-1.8-0.1-5.1-0.5-6.7-0.4S41.9,19.3,41.9,19.3z\"\/>\n\t<path class=\"elementor-shape-fill\" d=\"M75.5,12.6c0.2,0.1,2-0.8,4.3-1.1c2.3-0.2,2.1-0.3,2.1-0.5c0-0.1-1.8-0.4-3.4,0\tC76.9,11.5,75.3,12.5,75.5,12.6z\"\/>\n\t<path class=\"elementor-shape-fill\" d=\"M15.6,13.2c0-0.1,4.3,0,6.7,0.5c2.4,0.5,5,1.9,5,2c0,0.1-2.7-0.8-5.1-1.4\tC19.9,13.7,15.7,13.3,15.6,13.2z\"\/>\n<\/svg>\t\t<\/div>\n\t\t\t\t\t<div class=\"elementor-container elementor-column-gap-default\">\n\t\t\t\t\t<div class=\"elementor-column elementor-col-100 elementor-top-column elementor-element elementor-element-8614587\" data-id=\"8614587\" data-element_type=\"column\">\n\t\t\t<div class=\"elementor-widget-wrap elementor-element-populated\">\n\t\t\t\t\t\t<div class=\"elementor-element elementor-element-a5e73f2 elementor-widget elementor-widget-heading\" data-id=\"a5e73f2\" data-element_type=\"widget\" data-widget_type=\"heading.default\">\n\t\t\t\t<div class=\"elementor-widget-container\">\n\t\t\t\t\t<h2 class=\"elementor-heading-title elementor-size-default\">SY-SAVANE CARS<\/h2>\t\t\t\t<\/div>\n\t\t\t\t<\/div>\n\t\t\t\t<div class=\"elementor-element elementor-element-a1c65d0 elementor-widget elementor-widget-text-editor\" data-id=\"a1c65d0\" data-element_type=\"widget\" data-widget_type=\"text-editor.default\">\n\t\t\t\t<div class=\"elementor-widget-container\">\n\t\t\t\t\t\t\t\t\t<div class=\"flex flex-col text-sm pb-25\"><div class=\"text-base my-auto mx-auto pb-10 [--thread-content-margin:--spacing(4)] @w-sm\/main:[--thread-content-margin:--spacing(6)] @w-lg\/main:[--thread-content-margin:--spacing(16)] px-(--thread-content-margin)\"><div class=\"[--thread-content-max-width:40rem] @w-lg\/main:[--thread-content-max-width:48rem] mx-auto max-w-(--thread-content-max-width) flex-1 group\/turn-messages focus-visible:outline-hidden relative flex w-full min-w-0 flex-col agent-turn\" tabindex=\"-1\"><div class=\"flex max-w-full flex-col grow\"><div class=\"min-h-8 text-message relative flex w-full flex-col items-end gap-2 text-start break-words whitespace-normal [.text-message+&amp;]:mt-1\" dir=\"auto\" data-message-author-role=\"assistant\" data-message-id=\"d2243f39-d603-4f19-85e0-1c89bd9242fa\" data-message-model-slug=\"gpt-5-2\"><div class=\"flex w-full flex-col gap-1 empty:hidden first:pt-[1px]\"><div class=\"markdown prose dark:prose-invert w-full wrap-break-word light markdown-new-styling\"><h6 data-start=\"0\" data-end=\"425\">Nous sommes fiers de proposer une large gamme de <strong data-start=\"49\" data-end=\"90\">v\u00e9hicules \u00e0 la location et \u00e0 la vente<\/strong> afin de r\u00e9pondre aux besoins vari\u00e9s de nos clients. Que vous soyez une entreprise \u00e0 la recherche d\u2019une flotte professionnelle, un entrepreneur ayant besoin d\u2019un v\u00e9hicule utilitaire pour vos chantiers, ou un particulier souhaitant louer ou acheter un v\u00e9hicule pour vos d\u00e9placements personnels, nous avons la solution qu\u2019il vous faut.<\/h6><h6 data-start=\"427\" data-end=\"590\">Notre offre comprend des v\u00e9hicules fiables, entretenus avec soin et adapt\u00e9s \u00e0 tous les usages, que ce soit pour une courte dur\u00e9e ou un investissement \u00e0 long terme.<\/h6><\/div><\/div><\/div><\/div><\/div><\/div><\/div>\t\t\t\t\t\t\t\t<\/div>\n\t\t\t\t<\/div>\n\t\t\t\t\t<\/div>\n\t\t<\/div>\n\t\t\t\t\t<\/div>\n\t\t<\/section>\n\t\t\t\t<section class=\"elementor-section elementor-top-section elementor-element elementor-element-be11ec4 elementor-section-boxed elementor-section-height-default elementor-section-height-default\" data-id=\"be11ec4\" data-element_type=\"section\">\n\t\t\t\t\t\t<div class=\"elementor-container elementor-column-gap-default\">\n\t\t\t\t\t<div class=\"elementor-column elementor-col-100 elementor-top-column elementor-element elementor-element-bcd7c41\" data-id=\"bcd7c41\" data-element_type=\"column\">\n\t\t\t<div class=\"elementor-widget-wrap elementor-element-populated\">\n\t\t\t\t\t\t<div class=\"elementor-element elementor-element-23aacdf elementor-arrows-position-inside elementor-pagination-position-outside elementor-widget elementor-widget-image-carousel\" data-id=\"23aacdf\" data-element_type=\"widget\" data-settings=\"{&quot;slides_to_show&quot;:&quot;3&quot;,&quot;navigation&quot;:&quot;both&quot;,&quot;autoplay&quot;:&quot;yes&quot;,&quot;pause_on_hover&quot;:&quot;yes&quot;,&quot;pause_on_interaction&quot;:&quot;yes&quot;,&quot;autoplay_speed&quot;:5000,&quot;infinite&quot;:&quot;yes&quot;,&quot;speed&quot;:500}\" data-widget_type=\"image-carousel.default\">\n\t\t\t\t<div class=\"elementor-widget-container\">\n\t\t\t\t\t\t\t<div class=\"elementor-image-carousel-wrapper swiper\" role=\"region\" aria-roledescription=\"carousel\" aria-label=\"Carrousel d\u2019images\" dir=\"ltr\">\n\t\t\t<div class=\"elementor-image-carousel swiper-wrapper swiper-image-stretch\" aria-live=\"off\">\n\t\t\t\t\t\t\t\t<div class=\"swiper-slide\" role=\"group\" aria-roledescription=\"slide\" aria-label=\"1 sur 8\"><figure class=\"swiper-slide-inner\"><img decoding=\"async\" class=\"swiper-slide-image\" src=\"https:\/\/sy-savane-company.com\/wp-content\/uploads\/2026\/02\/Vente-4-pro-1-1024x576.jpg\" alt=\"Vente 4 pro\" \/><\/figure><\/div><div class=\"swiper-slide\" role=\"group\" aria-roledescription=\"slide\" aria-label=\"2 sur 8\"><figure class=\"swiper-slide-inner\"><img decoding=\"async\" class=\"swiper-slide-image\" src=\"https:\/\/sy-savane-company.com\/wp-content\/uploads\/2026\/02\/ga-loc-e-1.webp\" alt=\"ga loc \u00e9\" \/><\/figure><\/div><div class=\"swiper-slide\" role=\"group\" aria-roledescription=\"slide\" aria-label=\"3 sur 8\"><figure class=\"swiper-slide-inner\"><img decoding=\"async\" class=\"swiper-slide-image\" src=\"https:\/\/sy-savane-company.com\/wp-content\/uploads\/2026\/02\/4k-super.webp\" alt=\"4k super\" \/><\/figure><\/div><div class=\"swiper-slide\" role=\"group\" aria-roledescription=\"slide\" aria-label=\"4 sur 8\"><figure class=\"swiper-slide-inner\"><img decoding=\"async\" class=\"swiper-slide-image\" src=\"https:\/\/sy-savane-company.com\/wp-content\/uploads\/2026\/02\/porshe-1-1024x541.jpg\" alt=\"porshe\" \/><\/figure><\/div><div class=\"swiper-slide\" role=\"group\" aria-roledescription=\"slide\" aria-label=\"5 sur 8\"><figure class=\"swiper-slide-inner\"><img decoding=\"async\" class=\"swiper-slide-image\" src=\"https:\/\/sy-savane-company.com\/wp-content\/uploads\/2026\/02\/Vente-5-Pro-1.avif\" alt=\"Vente 5 Pro\" \/><\/figure><\/div><div class=\"swiper-slide\" role=\"group\" aria-roledescription=\"slide\" aria-label=\"6 sur 8\"><figure class=\"swiper-slide-inner\"><img decoding=\"async\" class=\"swiper-slide-image\" src=\"https:\/\/sy-savane-company.com\/wp-content\/uploads\/2026\/02\/vente-sale.jpg\" alt=\"vente sale\" \/><\/figure><\/div><div class=\"swiper-slide\" role=\"group\" aria-roledescription=\"slide\" aria-label=\"7 sur 8\"><figure class=\"swiper-slide-inner\"><img decoding=\"async\" class=\"swiper-slide-image\" src=\"https:\/\/sy-savane-company.com\/wp-content\/uploads\/2026\/02\/vehi-8-2.jpg\" alt=\"Hamburg, Germany - Oktober 04. 2020: A row of used BMW cars parked at a public car dealership in Hamburg, Germany. No people in this picture\" \/><\/figure><\/div><div class=\"swiper-slide\" role=\"group\" aria-roledescription=\"slide\" aria-label=\"8 sur 8\"><figure class=\"swiper-slide-inner\"><img decoding=\"async\" class=\"swiper-slide-image\" src=\"https:\/\/sy-savane-company.com\/wp-content\/uploads\/2026\/02\/vente-3-pro.webp\" alt=\"vente 3 pro\" \/><\/figure><\/div>\t\t\t<\/div>\n\t\t\t\t\t\t\t\t\t\t\t\t<div class=\"elementor-swiper-button elementor-swiper-button-prev\" role=\"button\" tabindex=\"0\">\n\t\t\t\t\t\t<i aria-hidden=\"true\" class=\"eicon-chevron-left\"><\/i>\t\t\t\t\t<\/div>\n\t\t\t\t\t<div class=\"elementor-swiper-button elementor-swiper-button-next\" role=\"button\" tabindex=\"0\">\n\t\t\t\t\t\t<i aria-hidden=\"true\" class=\"eicon-chevron-right\"><\/i>\t\t\t\t\t<\/div>\n\t\t\t\t\n\t\t\t\t\t\t\t\t\t<div class=\"swiper-pagination\"><\/div>\n\t\t\t\t\t\t\t\t\t<\/div>\n\t\t\t\t\t\t<\/div>\n\t\t\t\t<\/div>\n\t\t\t\t\t<\/div>\n\t\t<\/div>\n\t\t\t\t\t<\/div>\n\t\t<\/section>\n\t\t\t\t<\/div>\n\t\t","protected":false},"excerpt":{"rendered":"<p>Location et Vente de V\u00e9hicules SY-SAVANE CARS Nous sommes fiers de proposer une large gamme de v\u00e9hicules \u00e0 la location et \u00e0 la vente afin de r\u00e9pondre aux besoins vari\u00e9s de nos clients. Que vous soyez une entreprise \u00e0 la recherche d\u2019une flotte professionnelle, un entrepreneur ayant besoin d\u2019un v\u00e9hicule utilitaire pour vos chantiers, ou [&hellip;]<\/p>\n","protected":false},"author":1,"featured_media":0,"parent":0,"menu_order":0,"comment_status":"closed","ping_status":"closed","template":"","meta":{"site-sidebar-layout":"no-sidebar","site-content-layout":"page-builder","ast-site-content-layout":"default","site-content-style":"default","site-sidebar-style":"default","ast-global-header-display":"","ast-banner-title-visibility":"","ast-main-header-display":"","ast-hfb-above-header-display":"","ast-hfb-below-header-display":"","ast-hfb-mobile-header-display":"","site-post-title":"disabled","ast-breadcrumbs-content":"","ast-featured-img":"disabled","footer-sml-layout":"","theme-transparent-header-meta":"","adv-header-id-meta":"","stick-header-meta":"","header-above-stick-meta":"","header-main-stick-meta":"","header-below-stick-meta":"","astra-migrate-meta-layouts":"default","ast-page-background-enabled":"default","ast-page-background-meta":{"desktop":{"background-color":"","background-image":"","background-repeat":"repeat","background-position":"center center","background-size":"auto","background-attachment":"scroll","background-type":"","background-media":"","overlay-type":"","overlay-color":"","overlay-opacity":"","overlay-gradient":""},"tablet":{"background-color":"","background-image":"","background-repeat":"repeat","background-position":"center center","background-size":"auto","background-attachment":"scroll","background-type":"","background-media":"","overlay-type":"","overlay-color":"","overlay-opacity":"","overlay-gradient":""},"mobile":{"background-color":"","background-image":"","background-repeat":"repeat","background-position":"center center","background-size":"auto","background-attachment":"scroll","background-type":"","background-media":"","overlay-type":"","overlay-color":"","overlay-opacity":"","overlay-gradient":""}},"ast-content-background-meta":{"desktop":{"background-color":"var(--ast-global-color-5)","background-image":"","background-repeat":"repeat","background-position":"center center","background-size":"auto","background-attachment":"scroll","background-type":"","background-media":"","overlay-type":"","overlay-color":"","overlay-opacity":"","overlay-gradient":""},"tablet":{"background-color":"var(--ast-global-color-5)","background-image":"","background-repeat":"repeat","background-position":"center center","background-size":"auto","background-attachment":"scroll","background-type":"","background-media":"","overlay-type":"","overlay-color":"","overlay-opacity":"","overlay-gradient":""},"mobile":{"background-color":"var(--ast-global-color-5)","background-image":"","background-repeat":"repeat","background-position":"center center","background-size":"auto","background-attachment":"scroll","background-type":"","background-media":"","overlay-type":"","overlay-color":"","overlay-opacity":"","overlay-gradient":""}},"_joinchat":[],"footnotes":""},"class_list":["post-1240","page","type-page","status-publish","hentry"],"yoast_head":"<!-- This site is optimized with the Yoast SEO plugin v25.9 - https:\/\/yoast.com\/wordpress\/plugins\/seo\/ -->\n<title>Location et Vente de v\u00e9hicules - Roofing Agency<\/title>\n<meta name=\"robots\" content=\"index, follow, max-snippet:-1, max-image-preview:large, max-video-preview:-1\" \/>\n<link rel=\"canonical\" href=\"https:\/\/sy-savane-company.com\/?page_id=1240\" \/>\n<meta property=\"og:locale\" content=\"fr_FR\" \/>\n<meta property=\"og:type\" content=\"article\" \/>\n<meta property=\"og:title\" content=\"Location et Vente de v\u00e9hicules - Roofing Agency\" \/>\n<meta property=\"og:description\" content=\"Location et Vente de V\u00e9hicules SY-SAVANE CARS Nous sommes fiers de proposer une large gamme de v\u00e9hicules \u00e0 la location et \u00e0 la vente afin de r\u00e9pondre aux besoins vari\u00e9s de nos clients. Que vous soyez une entreprise \u00e0 la recherche d\u2019une flotte professionnelle, un entrepreneur ayant besoin d\u2019un v\u00e9hicule utilitaire pour vos chantiers, ou [&hellip;]\" \/>\n<meta property=\"og:url\" content=\"https:\/\/sy-savane-company.com\/?page_id=1240\" \/>\n<meta property=\"og:site_name\" content=\"Roofing Agency\" \/>\n<meta property=\"article:publisher\" content=\"https:\/\/www.facebook.com\/profile.php?id=100092212525666&amp;mibextid=LQQJ4d\" \/>\n<meta property=\"article:modified_time\" content=\"2026-02-23T14:55:03+00:00\" \/>\n<meta property=\"og:image\" content=\"https:\/\/sy-savane-company.com\/wp-content\/uploads\/2026\/02\/Vente-4-pro-1-1024x576.jpg\" \/>\n<meta name=\"twitter:card\" content=\"summary_large_image\" \/>\n<meta name=\"twitter:label1\" content=\"Dur\u00e9e de lecture estim\u00e9e\" \/>\n\t<meta name=\"twitter:data1\" content=\"4 minutes\" \/>\n<script type=\"application\/ld+json\" class=\"yoast-schema-graph\">{\"@context\":\"https:\/\/schema.org\",\"@graph\":[{\"@type\":\"WebPage\",\"@id\":\"https:\/\/sy-savane-company.com\/?page_id=1240\",\"url\":\"https:\/\/sy-savane-company.com\/?page_id=1240\",\"name\":\"Location et Vente de v\u00e9hicules - Roofing Agency\",\"isPartOf\":{\"@id\":\"https:\/\/sy-savane-company.com\/#website\"},\"primaryImageOfPage\":{\"@id\":\"https:\/\/sy-savane-company.com\/?page_id=1240#primaryimage\"},\"image\":{\"@id\":\"https:\/\/sy-savane-company.com\/?page_id=1240#primaryimage\"},\"thumbnailUrl\":\"https:\/\/sy-savane-company.com\/wp-content\/uploads\/2026\/02\/Vente-4-pro-1-1024x576.jpg\",\"datePublished\":\"2023-06-24T15:33:21+00:00\",\"dateModified\":\"2026-02-23T14:55:03+00:00\",\"breadcrumb\":{\"@id\":\"https:\/\/sy-savane-company.com\/?page_id=1240#breadcrumb\"},\"inLanguage\":\"fr-FR\",\"potentialAction\":[{\"@type\":\"ReadAction\",\"target\":[\"https:\/\/sy-savane-company.com\/?page_id=1240\"]}]},{\"@type\":\"ImageObject\",\"inLanguage\":\"fr-FR\",\"@id\":\"https:\/\/sy-savane-company.com\/?page_id=1240#primaryimage\",\"url\":\"https:\/\/sy-savane-company.com\/wp-content\/uploads\/2026\/02\/Vente-4-pro-1.jpg\",\"contentUrl\":\"https:\/\/sy-savane-company.com\/wp-content\/uploads\/2026\/02\/Vente-4-pro-1.jpg\",\"width\":1200,\"height\":675},{\"@type\":\"BreadcrumbList\",\"@id\":\"https:\/\/sy-savane-company.com\/?page_id=1240#breadcrumb\",\"itemListElement\":[{\"@type\":\"ListItem\",\"position\":1,\"name\":\"Accueil\",\"item\":\"https:\/\/sy-savane-company.com\/\"},{\"@type\":\"ListItem\",\"position\":2,\"name\":\"Location et Vente de v\u00e9hicules\"}]},{\"@type\":\"WebSite\",\"@id\":\"https:\/\/sy-savane-company.com\/#website\",\"url\":\"https:\/\/sy-savane-company.com\/\",\"name\":\"Roofing Agency\",\"description\":\"Un citoyen, un terrain\",\"publisher\":{\"@id\":\"https:\/\/sy-savane-company.com\/#organization\"},\"alternateName\":\"sy-savane company\",\"potentialAction\":[{\"@type\":\"SearchAction\",\"target\":{\"@type\":\"EntryPoint\",\"urlTemplate\":\"https:\/\/sy-savane-company.com\/?s={search_term_string}\"},\"query-input\":{\"@type\":\"PropertyValueSpecification\",\"valueRequired\":true,\"valueName\":\"search_term_string\"}}],\"inLanguage\":\"fr-FR\"},{\"@type\":\"Organization\",\"@id\":\"https:\/\/sy-savane-company.com\/#organization\",\"name\":\"SY-SAVANE COMPANY\",\"alternateName\":\"SY-SAVANE COMPANY\",\"url\":\"https:\/\/sy-savane-company.com\/\",\"logo\":{\"@type\":\"ImageObject\",\"inLanguage\":\"fr-FR\",\"@id\":\"https:\/\/sy-savane-company.com\/#\/schema\/logo\/image\/\",\"url\":\"https:\/\/sy-savane-company.com\/wp-content\/uploads\/2023\/06\/cropped-cropped-logo-sy-savane-2.png\",\"contentUrl\":\"https:\/\/sy-savane-company.com\/wp-content\/uploads\/2023\/06\/cropped-cropped-logo-sy-savane-2.png\",\"width\":212,\"height\":230,\"caption\":\"SY-SAVANE COMPANY\"},\"image\":{\"@id\":\"https:\/\/sy-savane-company.com\/#\/schema\/logo\/image\/\"},\"sameAs\":[\"https:\/\/www.facebook.com\/profile.php?id=100092212525666&mibextid=LQQJ4d\",\"https:\/\/www.linkedin.com\/in\/sy-savane-company-luxury-holding-45194b276\",\"https:\/\/www.facebook.com\/DiasporaHoldingImmobilier\"]}]}<\/script>\n<!-- \/ Yoast SEO plugin. -->","yoast_head_json":{"title":"Location et Vente de v\u00e9hicules - Roofing Agency","robots":{"index":"index","follow":"follow","max-snippet":"max-snippet:-1","max-image-preview":"max-image-preview:large","max-video-preview":"max-video-preview:-1"},"canonical":"https:\/\/sy-savane-company.com\/?page_id=1240","og_locale":"fr_FR","og_type":"article","og_title":"Location et Vente de v\u00e9hicules - Roofing Agency","og_description":"Location et Vente de V\u00e9hicules SY-SAVANE CARS Nous sommes fiers de proposer une large gamme de v\u00e9hicules \u00e0 la location et \u00e0 la vente afin de r\u00e9pondre aux besoins vari\u00e9s de nos clients. Que vous soyez une entreprise \u00e0 la recherche d\u2019une flotte professionnelle, un entrepreneur ayant besoin d\u2019un v\u00e9hicule utilitaire pour vos chantiers, ou [&hellip;]","og_url":"https:\/\/sy-savane-company.com\/?page_id=1240","og_site_name":"Roofing Agency","article_publisher":"https:\/\/www.facebook.com\/profile.php?id=100092212525666&mibextid=LQQJ4d","article_modified_time":"2026-02-23T14:55:03+00:00","og_image":[{"url":"https:\/\/sy-savane-company.com\/wp-content\/uploads\/2026\/02\/Vente-4-pro-1-1024x576.jpg","type":"","width":"","height":""}],"twitter_card":"summary_large_image","twitter_misc":{"Dur\u00e9e de lecture estim\u00e9e":"4 minutes"},"schema":{"@context":"https:\/\/schema.org","@graph":[{"@type":"WebPage","@id":"https:\/\/sy-savane-company.com\/?page_id=1240","url":"https:\/\/sy-savane-company.com\/?page_id=1240","name":"Location et Vente de v\u00e9hicules - Roofing Agency","isPartOf":{"@id":"https:\/\/sy-savane-company.com\/#website"},"primaryImageOfPage":{"@id":"https:\/\/sy-savane-company.com\/?page_id=1240#primaryimage"},"image":{"@id":"https:\/\/sy-savane-company.com\/?page_id=1240#primaryimage"},"thumbnailUrl":"https:\/\/sy-savane-company.com\/wp-content\/uploads\/2026\/02\/Vente-4-pro-1-1024x576.jpg","datePublished":"2023-06-24T15:33:21+00:00","dateModified":"2026-02-23T14:55:03+00:00","breadcrumb":{"@id":"https:\/\/sy-savane-company.com\/?page_id=1240#breadcrumb"},"inLanguage":"fr-FR","potentialAction":[{"@type":"ReadAction","target":["https:\/\/sy-savane-company.com\/?page_id=1240"]}]},{"@type":"ImageObject","inLanguage":"fr-FR","@id":"https:\/\/sy-savane-company.com\/?page_id=1240#primaryimage","url":"https:\/\/sy-savane-company.com\/wp-content\/uploads\/2026\/02\/Vente-4-pro-1.jpg","contentUrl":"https:\/\/sy-savane-company.com\/wp-content\/uploads\/2026\/02\/Vente-4-pro-1.jpg","width":1200,"height":675},{"@type":"BreadcrumbList","@id":"https:\/\/sy-savane-company.com\/?page_id=1240#breadcrumb","itemListElement":[{"@type":"ListItem","position":1,"name":"Accueil","item":"https:\/\/sy-savane-company.com\/"},{"@type":"ListItem","position":2,"name":"Location et Vente de v\u00e9hicules"}]},{"@type":"WebSite","@id":"https:\/\/sy-savane-company.com\/#website","url":"https:\/\/sy-savane-company.com\/","name":"Roofing Agency","description":"Un citoyen, un terrain","publisher":{"@id":"https:\/\/sy-savane-company.com\/#organization"},"alternateName":"sy-savane company","potentialAction":[{"@type":"SearchAction","target":{"@type":"EntryPoint","urlTemplate":"https:\/\/sy-savane-company.com\/?s={search_term_string}"},"query-input":{"@type":"PropertyValueSpecification","valueRequired":true,"valueName":"search_term_string"}}],"inLanguage":"fr-FR"},{"@type":"Organization","@id":"https:\/\/sy-savane-company.com\/#organization","name":"SY-SAVANE COMPANY","alternateName":"SY-SAVANE COMPANY","url":"https:\/\/sy-savane-company.com\/","logo":{"@type":"ImageObject","inLanguage":"fr-FR","@id":"https:\/\/sy-savane-company.com\/#\/schema\/logo\/image\/","url":"https:\/\/sy-savane-company.com\/wp-content\/uploads\/2023\/06\/cropped-cropped-logo-sy-savane-2.png","contentUrl":"https:\/\/sy-savane-company.com\/wp-content\/uploads\/2023\/06\/cropped-cropped-logo-sy-savane-2.png","width":212,"height":230,"caption":"SY-SAVANE COMPANY"},"image":{"@id":"https:\/\/sy-savane-company.com\/#\/schema\/logo\/image\/"},"sameAs":["https:\/\/www.facebook.com\/profile.php?id=100092212525666&mibextid=LQQJ4d","https:\/\/www.linkedin.com\/in\/sy-savane-company-luxury-holding-45194b276","https:\/\/www.facebook.com\/DiasporaHoldingImmobilier"]}]}},"jetpack_sharing_enabled":true,"_links":{"self":[{"href":"https:\/\/sy-savane-company.com\/index.php?rest_route=\/wp\/v2\/pages\/1240","targetHints":{"allow":["GET"]}}],"collection":[{"href":"https:\/\/sy-savane-company.com\/index.php?rest_route=\/wp\/v2\/pages"}],"about":[{"href":"https:\/\/sy-savane-company.com\/index.php?rest_route=\/wp\/v2\/types\/page"}],"author":[{"embeddable":true,"href":"https:\/\/sy-savane-company.com\/index.php?rest_route=\/wp\/v2\/users\/1"}],"replies":[{"embeddable":true,"href":"https:\/\/sy-savane-company.com\/index.php?rest_route=%2Fwp%2Fv2%2Fcomments&post=1240"}],"version-history":[{"count":81,"href":"https:\/\/sy-savane-company.com\/index.php?rest_route=\/wp\/v2\/pages\/1240\/revisions"}],"predecessor-version":[{"id":1874,"href":"https:\/\/sy-savane-company.com\/index.php?rest_route=\/wp\/v2\/pages\/1240\/revisions\/1874"}],"wp:attachment":[{"href":"https:\/\/sy-savane-company.com\/index.php?rest_route=%2Fwp%2Fv2%2Fmedia&parent=1240"}],"curies":[{"name":"wp","href":"https:\/\/api.w.org\/{rel}","templated":true}]}}