{"id":637,"date":"2021-06-12T06:25:18","date_gmt":"2021-06-12T04:25:18","guid":{"rendered":"https:\/\/sy-savane-company.com\/?page_id=637"},"modified":"2023-07-14T17:08:02","modified_gmt":"2023-07-14T15:08:02","slug":"a-propos-de-nous","status":"publish","type":"page","link":"https:\/\/sy-savane-company.com\/?page_id=637","title":{"rendered":"A PROPOS DE NOUS"},"content":{"rendered":"\t\t<div data-elementor-type=\"wp-page\" data-elementor-id=\"637\" class=\"elementor elementor-637\">\n\t\t\t\t\t\t<section class=\"elementor-section elementor-top-section elementor-element elementor-element-2e7999a elementor-section-boxed elementor-section-height-default elementor-section-height-default\" data-id=\"2e7999a\" data-element_type=\"section\" data-settings=\"{&quot;background_background&quot;:&quot;classic&quot;}\">\n\t\t\t\t\t\t\t<div class=\"elementor-background-overlay\"><\/div>\n\t\t\t\t\t\t\t<div class=\"elementor-container elementor-column-gap-no\">\n\t\t\t\t\t<div class=\"elementor-column elementor-col-100 elementor-top-column elementor-element elementor-element-1c4544c\" data-id=\"1c4544c\" data-element_type=\"column\">\n\t\t\t<div class=\"elementor-widget-wrap elementor-element-populated\">\n\t\t\t\t\t\t<div class=\"elementor-element elementor-element-14d7be3 elementor-widget elementor-widget-heading\" data-id=\"14d7be3\" data-element_type=\"widget\" data-widget_type=\"heading.default\">\n\t\t\t\t<div class=\"elementor-widget-container\">\n\t\t\t\t\t<h1 class=\"elementor-heading-title elementor-size-default\">A propos de nous<\/h1>\t\t\t\t<\/div>\n\t\t\t\t<\/div>\n\t\t\t\t\t<\/div>\n\t\t<\/div>\n\t\t\t\t\t<\/div>\n\t\t<\/section>\n\t\t\t\t<section class=\"elementor-section elementor-top-section elementor-element elementor-element-a93634e elementor-section-boxed elementor-section-height-default elementor-section-height-default\" data-id=\"a93634e\" data-element_type=\"section\" data-settings=\"{&quot;background_background&quot;:&quot;classic&quot;}\">\n\t\t\t\t\t\t<div class=\"elementor-container elementor-column-gap-default\">\n\t\t\t\t\t<div class=\"elementor-column elementor-col-100 elementor-top-column elementor-element elementor-element-6dba447\" data-id=\"6dba447\" data-element_type=\"column\" data-settings=\"{&quot;background_background&quot;:&quot;classic&quot;}\">\n\t\t\t<div class=\"elementor-widget-wrap elementor-element-populated\">\n\t\t\t\t\t\t<div class=\"elementor-element elementor-element-2c67c92 elementor-widget elementor-widget-image\" data-id=\"2c67c92\" data-element_type=\"widget\" data-widget_type=\"image.default\">\n\t\t\t\t<div class=\"elementor-widget-container\">\n\t\t\t\t\t\t\t\t\t\t\t\t\t\t\t<img fetchpriority=\"high\" decoding=\"async\" width=\"1640\" height=\"924\" src=\"https:\/\/sy-savane-company.com\/wp-content\/uploads\/2023\/06\/tele.jpg\" class=\"elementor-animation-float attachment-full size-full wp-image-1351\" alt=\"A propos de nous\" srcset=\"https:\/\/sy-savane-company.com\/wp-content\/uploads\/2023\/06\/tele.jpg 1640w, https:\/\/sy-savane-company.com\/wp-content\/uploads\/2023\/06\/tele-300x169.jpg 300w, https:\/\/sy-savane-company.com\/wp-content\/uploads\/2023\/06\/tele-1024x577.jpg 1024w, https:\/\/sy-savane-company.com\/wp-content\/uploads\/2023\/06\/tele-768x433.jpg 768w, https:\/\/sy-savane-company.com\/wp-content\/uploads\/2023\/06\/tele-1536x865.jpg 1536w, https:\/\/sy-savane-company.com\/wp-content\/uploads\/2023\/06\/tele-1320x744.jpg 1320w, https:\/\/sy-savane-company.com\/wp-content\/uploads\/2023\/06\/tele-600x338.jpg 600w\" sizes=\"(max-width: 1640px) 100vw, 1640px\" \/>\t\t\t\t\t\t\t\t\t\t\t\t\t\t\t<\/div>\n\t\t\t\t<\/div>\n\t\t\t\t\t<\/div>\n\t\t<\/div>\n\t\t\t\t\t<\/div>\n\t\t<\/section>\n\t\t\t\t<section class=\"elementor-section elementor-top-section elementor-element elementor-element-d21b3db elementor-section-boxed elementor-section-height-default elementor-section-height-default\" data-id=\"d21b3db\" data-element_type=\"section\" data-settings=\"{&quot;background_background&quot;:&quot;classic&quot;}\">\n\t\t\t\t\t\t<div class=\"elementor-container elementor-column-gap-default\">\n\t\t\t\t\t<div class=\"elementor-column elementor-col-50 elementor-top-column elementor-element elementor-element-a5164b7\" data-id=\"a5164b7\" data-element_type=\"column\">\n\t\t\t<div class=\"elementor-widget-wrap elementor-element-populated\">\n\t\t\t\t\t\t<div class=\"elementor-element elementor-element-92d2ff8 elementor-widget elementor-widget-heading\" data-id=\"92d2ff8\" data-element_type=\"widget\" data-widget_type=\"heading.default\">\n\t\t\t\t<div class=\"elementor-widget-container\">\n\t\t\t\t\t<h1 class=\"elementor-heading-title elementor-size-default\">\n\u00c0 propos de la soci\u00e9t\u00e9<\/h1>\t\t\t\t<\/div>\n\t\t\t\t<\/div>\n\t\t\t\t<div class=\"elementor-element elementor-element-916f03e elementor-widget elementor-widget-icon-box\" data-id=\"916f03e\" data-element_type=\"widget\" data-widget_type=\"icon-box.default\">\n\t\t\t\t<div class=\"elementor-widget-container\">\n\t\t\t\t\t\t\t<div class=\"elementor-icon-box-wrapper\">\n\n\t\t\t\n\t\t\t\t\t\t<div class=\"elementor-icon-box-content\">\n\n\t\t\t\t\t\t\t\t\t<h2 class=\"elementor-icon-box-title\">\n\t\t\t\t\t\t<span  >\n\t\t\t\t\t\t\tSY-SAVANE COMPANY\t\t\t\t\t\t<\/span>\n\t\t\t\t\t<\/h2>\n\t\t\t\t\n\t\t\t\t\t\t\t\t\t<p class=\"elementor-icon-box-description\">\n\t\t\t\t\t\tnous sommes une entreprise sp\u00e9cialis\u00e9e dans l'\u00e9quipement de constructions et d'installation de d\u00e9coration int\u00e9rieure haut de gamme, d\u00e9di\u00e9e \u00e0 cr\u00e9er des espaces somptueux et \u00e9l\u00e9gants qui incarnent le luxe et le raffinement. Notre \u00e9quipe talentueuse d'experts en design d'int\u00e9rieur est passionn\u00e9e par l'art de transformer des espaces en v\u00e9ritables \u0153uvres d'art vivantes.\n\t\t\t\t\t<\/p>\n\t\t\t\t\n\t\t\t<\/div>\n\t\t\t\n\t\t<\/div>\n\t\t\t\t\t\t<\/div>\n\t\t\t\t<\/div>\n\t\t\t\t<div class=\"elementor-element elementor-element-953d241 elementor-widget elementor-widget-button\" data-id=\"953d241\" data-element_type=\"widget\" data-widget_type=\"button.default\">\n\t\t\t\t<div class=\"elementor-widget-container\">\n\t\t\t\t\t\t\t\t\t<div class=\"elementor-button-wrapper\">\n\t\t\t\t\t<a class=\"elementor-button elementor-button-link elementor-size-sm\" href=\"#\">\n\t\t\t\t\t\t<span class=\"elementor-button-content-wrapper\">\n\t\t\t\t\t\t\t\t\t<span class=\"elementor-button-text\">VOIR PLUS<\/span>\n\t\t\t\t\t<\/span>\n\t\t\t\t\t<\/a>\n\t\t\t\t<\/div>\n\t\t\t\t\t\t\t\t<\/div>\n\t\t\t\t<\/div>\n\t\t\t\t\t<\/div>\n\t\t<\/div>\n\t\t\t\t<div class=\"elementor-column elementor-col-50 elementor-top-column elementor-element elementor-element-f3df490\" data-id=\"f3df490\" data-element_type=\"column\">\n\t\t\t<div class=\"elementor-widget-wrap elementor-element-populated\">\n\t\t\t\t\t\t<div class=\"elementor-element elementor-element-9a830e6 elementor-widget elementor-widget-text-editor\" data-id=\"9a830e6\" data-element_type=\"widget\" data-widget_type=\"text-editor.default\">\n\t\t\t\t<div class=\"elementor-widget-container\">\n\t\t\t\t\t\t\t\t\t<p>Nous restons constamment \u00e0 l&#8217;\u00e9coute de vos commentaires et suggestions, car nous consid\u00e9rons votre satisfaction comme notre plus grande r\u00e9ussite. Votre r\u00e9ussite est notre r\u00e9ussite, et nous sommes d\u00e9termin\u00e9s \u00e0 vous accompagner tout au long de votre parcours.<\/p><p>Nous avons aussi une entreprise cosm\u00e9tique\u00a0<a href=\"http:\/\/savanessboutique.com\">http:\/\/savanessboutique.com<\/a><\/p>\t\t\t\t\t\t\t\t<\/div>\n\t\t\t\t<\/div>\n\t\t\t\t<div class=\"elementor-element elementor-element-8d480b5 elementor-position-left elementor-vertical-align-middle elementor-widget elementor-widget-image-box\" data-id=\"8d480b5\" data-element_type=\"widget\" data-widget_type=\"image-box.default\">\n\t\t\t\t<div class=\"elementor-widget-container\">\n\t\t\t\t\t<div class=\"elementor-image-box-wrapper\"><figure class=\"elementor-image-box-img\"><img decoding=\"async\" width=\"828\" height=\"817\" src=\"https:\/\/sy-savane-company.com\/wp-content\/uploads\/2023\/06\/WhatsApp-Image-2023-05-23-at-17.30.17.jpeg\" class=\"attachment-full size-full wp-image-1364\" alt=\"PDF sy-savane company\" srcset=\"https:\/\/sy-savane-company.com\/wp-content\/uploads\/2023\/06\/WhatsApp-Image-2023-05-23-at-17.30.17.jpeg 828w, https:\/\/sy-savane-company.com\/wp-content\/uploads\/2023\/06\/WhatsApp-Image-2023-05-23-at-17.30.17-300x296.jpeg 300w, https:\/\/sy-savane-company.com\/wp-content\/uploads\/2023\/06\/WhatsApp-Image-2023-05-23-at-17.30.17-768x758.jpeg 768w, https:\/\/sy-savane-company.com\/wp-content\/uploads\/2023\/06\/WhatsApp-Image-2023-05-23-at-17.30.17-600x592.jpeg 600w, https:\/\/sy-savane-company.com\/wp-content\/uploads\/2023\/06\/WhatsApp-Image-2023-05-23-at-17.30.17-100x100.jpeg 100w\" sizes=\"(max-width: 828px) 100vw, 828px\" \/><\/figure><div class=\"elementor-image-box-content\"><h6 class=\"elementor-image-box-title\">PDG SY-SAVANE COMPANY<\/h6><p class=\"elementor-image-box-description\">SAVANE MARIAM<\/p><\/div><\/div>\t\t\t\t<\/div>\n\t\t\t\t<\/div>\n\t\t\t\t<div class=\"elementor-element elementor-element-bc3bfca elementor-widget elementor-widget-icon-box\" data-id=\"bc3bfca\" data-element_type=\"widget\" data-widget_type=\"icon-box.default\">\n\t\t\t\t<div class=\"elementor-widget-container\">\n\t\t\t\t\t\t\t<div class=\"elementor-icon-box-wrapper\">\n\n\t\t\t\n\t\t\t\t\t\t<div class=\"elementor-icon-box-content\">\n\n\t\t\t\t\t\t\t\t\t<h6 class=\"elementor-icon-box-title\">\n\t\t\t\t\t\t<span  >\n\t\t\t\t\t\t\tBesoin d'aide ?\t\t\t\t\t\t<\/span>\n\t\t\t\t\t<\/h6>\n\t\t\t\t\n\t\t\t\t\t\t\t\t\t<p class=\"elementor-icon-box-description\">\n\t\t\t\t\t\t+33 770 39 65 49 or mariam.savane@gmail.com\t\t\t\t\t<\/p>\n\t\t\t\t\n\t\t\t<\/div>\n\t\t\t\n\t\t<\/div>\n\t\t\t\t\t\t<\/div>\n\t\t\t\t<\/div>\n\t\t\t\t\t<\/div>\n\t\t<\/div>\n\t\t\t\t\t<\/div>\n\t\t<\/section>\n\t\t\t\t<\/div>\n\t\t","protected":false},"excerpt":{"rendered":"<p>A propos de nous \u00c0 propos de la soci\u00e9t\u00e9 SY-SAVANE COMPANY nous sommes une entreprise sp\u00e9cialis\u00e9e dans l&#8217;\u00e9quipement de constructions et d&#8217;installation de d\u00e9coration int\u00e9rieure haut de gamme, d\u00e9di\u00e9e \u00e0 cr\u00e9er des espaces somptueux et \u00e9l\u00e9gants qui incarnent le luxe et le raffinement. Notre \u00e9quipe talentueuse d&#8217;experts en design d&#8217;int\u00e9rieur est passionn\u00e9e par l&#8217;art de [&hellip;]<\/p>\n","protected":false},"author":1,"featured_media":0,"parent":0,"menu_order":0,"comment_status":"closed","ping_status":"closed","template":"","meta":{"site-sidebar-layout":"no-sidebar","site-content-layout":"page-builder","ast-site-content-layout":"default","site-content-style":"default","site-sidebar-style":"default","ast-global-header-display":"","ast-banner-title-visibility":"","ast-main-header-display":"","ast-hfb-above-header-display":"","ast-hfb-below-header-display":"","ast-hfb-mobile-header-display":"","site-post-title":"disabled","ast-breadcrumbs-content":"disabled","ast-featured-img":"disabled","footer-sml-layout":"","theme-transparent-header-meta":"enabled","adv-header-id-meta":"","stick-header-meta":"","header-above-stick-meta":"","header-main-stick-meta":"","header-below-stick-meta":"","astra-migrate-meta-layouts":"default","ast-page-background-enabled":"default","ast-page-background-meta":{"desktop":{"background-color":"","background-image":"","background-repeat":"repeat","background-position":"center center","background-size":"auto","background-attachment":"scroll","background-type":"","background-media":"","overlay-type":"","overlay-color":"","overlay-opacity":"","overlay-gradient":""},"tablet":{"background-color":"","background-image":"","background-repeat":"repeat","background-position":"center center","background-size":"auto","background-attachment":"scroll","background-type":"","background-media":"","overlay-type":"","overlay-color":"","overlay-opacity":"","overlay-gradient":""},"mobile":{"background-color":"","background-image":"","background-repeat":"repeat","background-position":"center center","background-size":"auto","background-attachment":"scroll","background-type":"","background-media":"","overlay-type":"","overlay-color":"","overlay-opacity":"","overlay-gradient":""}},"ast-content-background-meta":{"desktop":{"background-color":"var(--ast-global-color-5)","background-image":"","background-repeat":"repeat","background-position":"center center","background-size":"auto","background-attachment":"scroll","background-type":"","background-media":"","overlay-type":"","overlay-color":"","overlay-opacity":"","overlay-gradient":""},"tablet":{"background-color":"var(--ast-global-color-5)","background-image":"","background-repeat":"repeat","background-position":"center center","background-size":"auto","background-attachment":"scroll","background-type":"","background-media":"","overlay-type":"","overlay-color":"","overlay-opacity":"","overlay-gradient":""},"mobile":{"background-color":"var(--ast-global-color-5)","background-image":"","background-repeat":"repeat","background-position":"center center","background-size":"auto","background-attachment":"scroll","background-type":"","background-media":"","overlay-type":"","overlay-color":"","overlay-opacity":"","overlay-gradient":""}},"_joinchat":[],"footnotes":""},"class_list":["post-637","page","type-page","status-publish","hentry"],"yoast_head":"<!-- This site is optimized with the Yoast SEO plugin v25.9 - https:\/\/yoast.com\/wordpress\/plugins\/seo\/ -->\n<title>Pr\u00e9sentation de la soci\u00e9t\u00e9 immobili\u00e8re SY-SAVANE COMPANY<\/title>\n<meta name=\"description\" content=\"SY-SAVANE COMPANY est entreprise bas\u00e9e \u00e0 Abidjan sp\u00e9cialis\u00e9e dans la vente de terrain, meuble de luxe, machine et brique de construction.\" \/>\n<meta name=\"robots\" content=\"index, follow, max-snippet:-1, max-image-preview:large, max-video-preview:-1\" \/>\n<link rel=\"canonical\" href=\"https:\/\/sy-savane-company.com\/?page_id=637\" \/>\n<meta property=\"og:locale\" content=\"fr_FR\" \/>\n<meta property=\"og:type\" content=\"article\" \/>\n<meta property=\"og:title\" content=\"Pr\u00e9sentation de la soci\u00e9t\u00e9 immobili\u00e8re SY-SAVANE COMPANY\" \/>\n<meta property=\"og:description\" content=\"SY-SAVANE COMPANY est entreprise bas\u00e9e \u00e0 Abidjan sp\u00e9cialis\u00e9e dans la vente de terrain, meuble de luxe, machine et brique de construction.\" \/>\n<meta property=\"og:url\" content=\"https:\/\/sy-savane-company.com\/?page_id=637\" \/>\n<meta property=\"og:site_name\" content=\"Roofing Agency\" \/>\n<meta property=\"article:publisher\" content=\"https:\/\/www.facebook.com\/profile.php?id=100092212525666&amp;mibextid=LQQJ4d\" \/>\n<meta property=\"article:modified_time\" content=\"2023-07-14T15:08:02+00:00\" \/>\n<meta property=\"og:image\" content=\"http:\/\/sy-savane-company.com\/wp-content\/uploads\/2023\/06\/tele.jpg\" \/>\n<meta name=\"twitter:card\" content=\"summary_large_image\" \/>\n<meta name=\"twitter:label1\" content=\"Dur\u00e9e de lecture estim\u00e9e\" \/>\n\t<meta name=\"twitter:data1\" content=\"2 minutes\" \/>\n<script type=\"application\/ld+json\" class=\"yoast-schema-graph\">{\"@context\":\"https:\/\/schema.org\",\"@graph\":[{\"@type\":\"WebPage\",\"@id\":\"https:\/\/sy-savane-company.com\/?page_id=637\",\"url\":\"https:\/\/sy-savane-company.com\/?page_id=637\",\"name\":\"Pr\u00e9sentation de la soci\u00e9t\u00e9 immobili\u00e8re SY-SAVANE COMPANY\",\"isPartOf\":{\"@id\":\"https:\/\/sy-savane-company.com\/#website\"},\"primaryImageOfPage\":{\"@id\":\"https:\/\/sy-savane-company.com\/?page_id=637#primaryimage\"},\"image\":{\"@id\":\"https:\/\/sy-savane-company.com\/?page_id=637#primaryimage\"},\"thumbnailUrl\":\"http:\/\/sy-savane-company.com\/wp-content\/uploads\/2023\/06\/tele.jpg\",\"datePublished\":\"2021-06-12T04:25:18+00:00\",\"dateModified\":\"2023-07-14T15:08:02+00:00\",\"description\":\"SY-SAVANE COMPANY est entreprise bas\u00e9e \u00e0 Abidjan sp\u00e9cialis\u00e9e dans la vente de terrain, meuble de luxe, machine et brique de construction.\",\"breadcrumb\":{\"@id\":\"https:\/\/sy-savane-company.com\/?page_id=637#breadcrumb\"},\"inLanguage\":\"fr-FR\",\"potentialAction\":[{\"@type\":\"ReadAction\",\"target\":[\"https:\/\/sy-savane-company.com\/?page_id=637\"]}]},{\"@type\":\"ImageObject\",\"inLanguage\":\"fr-FR\",\"@id\":\"https:\/\/sy-savane-company.com\/?page_id=637#primaryimage\",\"url\":\"http:\/\/sy-savane-company.com\/wp-content\/uploads\/2023\/06\/tele.jpg\",\"contentUrl\":\"http:\/\/sy-savane-company.com\/wp-content\/uploads\/2023\/06\/tele.jpg\"},{\"@type\":\"BreadcrumbList\",\"@id\":\"https:\/\/sy-savane-company.com\/?page_id=637#breadcrumb\",\"itemListElement\":[{\"@type\":\"ListItem\",\"position\":1,\"name\":\"Accueil\",\"item\":\"https:\/\/sy-savane-company.com\/\"},{\"@type\":\"ListItem\",\"position\":2,\"name\":\"A PROPOS DE NOUS\"}]},{\"@type\":\"WebSite\",\"@id\":\"https:\/\/sy-savane-company.com\/#website\",\"url\":\"https:\/\/sy-savane-company.com\/\",\"name\":\"Roofing Agency\",\"description\":\"Un citoyen, un terrain\",\"publisher\":{\"@id\":\"https:\/\/sy-savane-company.com\/#organization\"},\"alternateName\":\"sy-savane company\",\"potentialAction\":[{\"@type\":\"SearchAction\",\"target\":{\"@type\":\"EntryPoint\",\"urlTemplate\":\"https:\/\/sy-savane-company.com\/?s={search_term_string}\"},\"query-input\":{\"@type\":\"PropertyValueSpecification\",\"valueRequired\":true,\"valueName\":\"search_term_string\"}}],\"inLanguage\":\"fr-FR\"},{\"@type\":\"Organization\",\"@id\":\"https:\/\/sy-savane-company.com\/#organization\",\"name\":\"SY-SAVANE COMPANY\",\"alternateName\":\"SY-SAVANE COMPANY\",\"url\":\"https:\/\/sy-savane-company.com\/\",\"logo\":{\"@type\":\"ImageObject\",\"inLanguage\":\"fr-FR\",\"@id\":\"https:\/\/sy-savane-company.com\/#\/schema\/logo\/image\/\",\"url\":\"https:\/\/sy-savane-company.com\/wp-content\/uploads\/2023\/06\/cropped-cropped-logo-sy-savane-2.png\",\"contentUrl\":\"https:\/\/sy-savane-company.com\/wp-content\/uploads\/2023\/06\/cropped-cropped-logo-sy-savane-2.png\",\"width\":212,\"height\":230,\"caption\":\"SY-SAVANE COMPANY\"},\"image\":{\"@id\":\"https:\/\/sy-savane-company.com\/#\/schema\/logo\/image\/\"},\"sameAs\":[\"https:\/\/www.facebook.com\/profile.php?id=100092212525666&mibextid=LQQJ4d\",\"https:\/\/www.linkedin.com\/in\/sy-savane-company-luxury-holding-45194b276\",\"https:\/\/www.facebook.com\/DiasporaHoldingImmobilier\"]}]}<\/script>\n<!-- \/ Yoast SEO plugin. -->","yoast_head_json":{"title":"Pr\u00e9sentation de la soci\u00e9t\u00e9 immobili\u00e8re SY-SAVANE COMPANY","description":"SY-SAVANE COMPANY est entreprise bas\u00e9e \u00e0 Abidjan sp\u00e9cialis\u00e9e dans la vente de terrain, meuble de luxe, machine et brique de construction.","robots":{"index":"index","follow":"follow","max-snippet":"max-snippet:-1","max-image-preview":"max-image-preview:large","max-video-preview":"max-video-preview:-1"},"canonical":"https:\/\/sy-savane-company.com\/?page_id=637","og_locale":"fr_FR","og_type":"article","og_title":"Pr\u00e9sentation de la soci\u00e9t\u00e9 immobili\u00e8re SY-SAVANE COMPANY","og_description":"SY-SAVANE COMPANY est entreprise bas\u00e9e \u00e0 Abidjan sp\u00e9cialis\u00e9e dans la vente de terrain, meuble de luxe, machine et brique de construction.","og_url":"https:\/\/sy-savane-company.com\/?page_id=637","og_site_name":"Roofing Agency","article_publisher":"https:\/\/www.facebook.com\/profile.php?id=100092212525666&mibextid=LQQJ4d","article_modified_time":"2023-07-14T15:08:02+00:00","og_image":[{"url":"http:\/\/sy-savane-company.com\/wp-content\/uploads\/2023\/06\/tele.jpg","type":"","width":"","height":""}],"twitter_card":"summary_large_image","twitter_misc":{"Dur\u00e9e de lecture estim\u00e9e":"2 minutes"},"schema":{"@context":"https:\/\/schema.org","@graph":[{"@type":"WebPage","@id":"https:\/\/sy-savane-company.com\/?page_id=637","url":"https:\/\/sy-savane-company.com\/?page_id=637","name":"Pr\u00e9sentation de la soci\u00e9t\u00e9 immobili\u00e8re SY-SAVANE COMPANY","isPartOf":{"@id":"https:\/\/sy-savane-company.com\/#website"},"primaryImageOfPage":{"@id":"https:\/\/sy-savane-company.com\/?page_id=637#primaryimage"},"image":{"@id":"https:\/\/sy-savane-company.com\/?page_id=637#primaryimage"},"thumbnailUrl":"http:\/\/sy-savane-company.com\/wp-content\/uploads\/2023\/06\/tele.jpg","datePublished":"2021-06-12T04:25:18+00:00","dateModified":"2023-07-14T15:08:02+00:00","description":"SY-SAVANE COMPANY est entreprise bas\u00e9e \u00e0 Abidjan sp\u00e9cialis\u00e9e dans la vente de terrain, meuble de luxe, machine et brique de construction.","breadcrumb":{"@id":"https:\/\/sy-savane-company.com\/?page_id=637#breadcrumb"},"inLanguage":"fr-FR","potentialAction":[{"@type":"ReadAction","target":["https:\/\/sy-savane-company.com\/?page_id=637"]}]},{"@type":"ImageObject","inLanguage":"fr-FR","@id":"https:\/\/sy-savane-company.com\/?page_id=637#primaryimage","url":"http:\/\/sy-savane-company.com\/wp-content\/uploads\/2023\/06\/tele.jpg","contentUrl":"http:\/\/sy-savane-company.com\/wp-content\/uploads\/2023\/06\/tele.jpg"},{"@type":"BreadcrumbList","@id":"https:\/\/sy-savane-company.com\/?page_id=637#breadcrumb","itemListElement":[{"@type":"ListItem","position":1,"name":"Accueil","item":"https:\/\/sy-savane-company.com\/"},{"@type":"ListItem","position":2,"name":"A PROPOS DE NOUS"}]},{"@type":"WebSite","@id":"https:\/\/sy-savane-company.com\/#website","url":"https:\/\/sy-savane-company.com\/","name":"Roofing Agency","description":"Un citoyen, un terrain","publisher":{"@id":"https:\/\/sy-savane-company.com\/#organization"},"alternateName":"sy-savane company","potentialAction":[{"@type":"SearchAction","target":{"@type":"EntryPoint","urlTemplate":"https:\/\/sy-savane-company.com\/?s={search_term_string}"},"query-input":{"@type":"PropertyValueSpecification","valueRequired":true,"valueName":"search_term_string"}}],"inLanguage":"fr-FR"},{"@type":"Organization","@id":"https:\/\/sy-savane-company.com\/#organization","name":"SY-SAVANE COMPANY","alternateName":"SY-SAVANE COMPANY","url":"https:\/\/sy-savane-company.com\/","logo":{"@type":"ImageObject","inLanguage":"fr-FR","@id":"https:\/\/sy-savane-company.com\/#\/schema\/logo\/image\/","url":"https:\/\/sy-savane-company.com\/wp-content\/uploads\/2023\/06\/cropped-cropped-logo-sy-savane-2.png","contentUrl":"https:\/\/sy-savane-company.com\/wp-content\/uploads\/2023\/06\/cropped-cropped-logo-sy-savane-2.png","width":212,"height":230,"caption":"SY-SAVANE COMPANY"},"image":{"@id":"https:\/\/sy-savane-company.com\/#\/schema\/logo\/image\/"},"sameAs":["https:\/\/www.facebook.com\/profile.php?id=100092212525666&mibextid=LQQJ4d","https:\/\/www.linkedin.com\/in\/sy-savane-company-luxury-holding-45194b276","https:\/\/www.facebook.com\/DiasporaHoldingImmobilier"]}]}},"jetpack_sharing_enabled":true,"_links":{"self":[{"href":"https:\/\/sy-savane-company.com\/index.php?rest_route=\/wp\/v2\/pages\/637","targetHints":{"allow":["GET"]}}],"collection":[{"href":"https:\/\/sy-savane-company.com\/index.php?rest_route=\/wp\/v2\/pages"}],"about":[{"href":"https:\/\/sy-savane-company.com\/index.php?rest_route=\/wp\/v2\/types\/page"}],"author":[{"embeddable":true,"href":"https:\/\/sy-savane-company.com\/index.php?rest_route=\/wp\/v2\/users\/1"}],"replies":[{"embeddable":true,"href":"https:\/\/sy-savane-company.com\/index.php?rest_route=%2Fwp%2Fv2%2Fcomments&post=637"}],"version-history":[{"count":40,"href":"https:\/\/sy-savane-company.com\/index.php?rest_route=\/wp\/v2\/pages\/637\/revisions"}],"predecessor-version":[{"id":1742,"href":"https:\/\/sy-savane-company.com\/index.php?rest_route=\/wp\/v2\/pages\/637\/revisions\/1742"}],"wp:attachment":[{"href":"https:\/\/sy-savane-company.com\/index.php?rest_route=%2Fwp%2Fv2%2Fmedia&parent=637"}],"curies":[{"name":"wp","href":"https:\/\/api.w.org\/{rel}","templated":true}]}}