{"id":939,"date":"2021-06-12T06:25:44","date_gmt":"2021-06-12T04:25:44","guid":{"rendered":"https:\/\/sy-savane-company.com\/?page_id=939"},"modified":"2026-02-23T11:15:30","modified_gmt":"2026-02-23T10:15:30","slug":"services","status":"publish","type":"page","link":"https:\/\/sy-savane-company.com\/?page_id=939","title":{"rendered":"SERVICES"},"content":{"rendered":"\t\t<div data-elementor-type=\"wp-page\" data-elementor-id=\"939\" class=\"elementor elementor-939\">\n\t\t\t\t\t\t<section class=\"elementor-section elementor-top-section elementor-element elementor-element-623ea53 elementor-section-boxed elementor-section-height-default elementor-section-height-default\" data-id=\"623ea53\" data-element_type=\"section\" data-settings=\"{&quot;background_background&quot;:&quot;classic&quot;}\">\n\t\t\t\t\t\t\t<div class=\"elementor-background-overlay\"><\/div>\n\t\t\t\t\t\t\t<div class=\"elementor-container elementor-column-gap-no\">\n\t\t\t\t\t<div class=\"elementor-column elementor-col-100 elementor-top-column elementor-element elementor-element-21ddeff\" data-id=\"21ddeff\" data-element_type=\"column\">\n\t\t\t<div class=\"elementor-widget-wrap elementor-element-populated\">\n\t\t\t\t\t\t<div class=\"elementor-element elementor-element-a09d3bc elementor-widget elementor-widget-heading\" data-id=\"a09d3bc\" data-element_type=\"widget\" data-widget_type=\"heading.default\">\n\t\t\t\t<div class=\"elementor-widget-container\">\n\t\t\t\t\t<h1 class=\"elementor-heading-title elementor-size-default\">Nos services<\/h1>\t\t\t\t<\/div>\n\t\t\t\t<\/div>\n\t\t\t\t\t<\/div>\n\t\t<\/div>\n\t\t\t\t\t<\/div>\n\t\t<\/section>\n\t\t\t\t<section class=\"elementor-section elementor-top-section elementor-element elementor-element-e6eecd6 elementor-section-boxed elementor-section-height-default elementor-section-height-default\" data-id=\"e6eecd6\" data-element_type=\"section\" data-settings=\"{&quot;background_background&quot;:&quot;classic&quot;}\">\n\t\t\t\t\t\t\t<div class=\"elementor-background-overlay\"><\/div>\n\t\t\t\t\t\t\t<div class=\"elementor-container elementor-column-gap-no\">\n\t\t\t\t\t<div class=\"elementor-column elementor-col-100 elementor-top-column elementor-element elementor-element-75764c5\" data-id=\"75764c5\" data-element_type=\"column\" data-settings=\"{&quot;background_background&quot;:&quot;classic&quot;}\">\n\t\t\t<div class=\"elementor-widget-wrap elementor-element-populated\">\n\t\t\t\t\t\t<div class=\"elementor-element elementor-element-a3030da elementor-widget elementor-widget-heading\" data-id=\"a3030da\" data-element_type=\"widget\" data-widget_type=\"heading.default\">\n\t\t\t\t<div class=\"elementor-widget-container\">\n\t\t\t\t\t<h2 class=\"elementor-heading-title elementor-size-default\">Nos services<\/h2>\t\t\t\t<\/div>\n\t\t\t\t<\/div>\n\t\t\t\t<div class=\"elementor-element elementor-element-1dbc89b elementor-widget elementor-widget-heading\" data-id=\"1dbc89b\" data-element_type=\"widget\" data-widget_type=\"heading.default\">\n\t\t\t\t<div class=\"elementor-widget-container\">\n\t\t\t\t\t<p class=\"elementor-heading-title elementor-size-default\">Vente de terrain - Machine de construction-Maison de luxe-Am\u00e9nagement foncier-Vent de meuble de luxe -vente de brique de construction<\/p>\t\t\t\t<\/div>\n\t\t\t\t<\/div>\n\t\t\t\t<div class=\"elementor-element elementor-element-b9529bc elementor-widget__width-initial elementor-widget-tablet__width-initial elementor-widget-mobile__width-inherit elementor-position-top elementor-widget elementor-widget-image-box\" data-id=\"b9529bc\" data-element_type=\"widget\" data-widget_type=\"image-box.default\">\n\t\t\t\t<div class=\"elementor-widget-container\">\n\t\t\t\t\t<div class=\"elementor-image-box-wrapper\"><figure class=\"elementor-image-box-img\"><a href=\"https:\/\/sy-savane-company.com\/?page_id=1238\" tabindex=\"-1\"><img fetchpriority=\"high\" decoding=\"async\" width=\"500\" height=\"320\" src=\"https:\/\/sy-savane-company.com\/wp-content\/uploads\/2023\/06\/Nouveau-projet-6.jpg\" class=\"attachment-full size-full wp-image-1165\" alt=\"terrain sy-savane company\" srcset=\"https:\/\/sy-savane-company.com\/wp-content\/uploads\/2023\/06\/Nouveau-projet-6.jpg 500w, https:\/\/sy-savane-company.com\/wp-content\/uploads\/2023\/06\/Nouveau-projet-6-300x192.jpg 300w\" sizes=\"(max-width: 500px) 100vw, 500px\" \/><\/a><\/figure><div class=\"elementor-image-box-content\"><h4 class=\"elementor-image-box-title\"><a href=\"https:\/\/sy-savane-company.com\/?page_id=1238\">Vente de terrain<\/a><\/h4><p class=\"elementor-image-box-description\">D\u00e9couvrez nos terrains exceptionnels \u00e0 vendre ! Si vous recherchez l'endroit id\u00e9al pour construire votre maison de r\u00eave.<br><a href=\"https:\/\/sy-savane-company.com\/?page_id=1238\">voir plus...<\/a><\/p><\/div><\/div>\t\t\t\t<\/div>\n\t\t\t\t<\/div>\n\t\t\t\t<div class=\"elementor-element elementor-element-1ee8e7c elementor-widget__width-initial elementor-widget-tablet__width-initial elementor-widget-mobile__width-inherit elementor-position-top elementor-widget elementor-widget-image-box\" data-id=\"1ee8e7c\" data-element_type=\"widget\" data-widget_type=\"image-box.default\">\n\t\t\t\t<div class=\"elementor-widget-container\">\n\t\t\t\t\t<div class=\"elementor-image-box-wrapper\"><figure class=\"elementor-image-box-img\"><a href=\"https:\/\/sy-savane-company.com\/?page_id=1240\" tabindex=\"-1\"><img decoding=\"async\" width=\"500\" height=\"320\" src=\"https:\/\/sy-savane-company.com\/wp-content\/uploads\/2023\/06\/Nouveau-projet-7.jpg\" class=\"attachment-full size-full wp-image-1171\" alt=\"Machine de construction\" srcset=\"https:\/\/sy-savane-company.com\/wp-content\/uploads\/2023\/06\/Nouveau-projet-7.jpg 500w, https:\/\/sy-savane-company.com\/wp-content\/uploads\/2023\/06\/Nouveau-projet-7-300x192.jpg 300w\" sizes=\"(max-width: 500px) 100vw, 500px\" \/><\/a><\/figure><div class=\"elementor-image-box-content\"><h4 class=\"elementor-image-box-title\"><a href=\"https:\/\/sy-savane-company.com\/?page_id=1240\">Machine de construction<\/a><\/h4><p class=\"elementor-image-box-description\">D\u00e9couvrez notre s\u00e9lection de machines de construction de haute qualit\u00e9 ! Que vous soyez un entrepreneur du b\u00e2timent....<br><a href=\"https:\/\/sy-savane-company.com\/?page_id=1240\">voir plus...<\/a><\/p><\/div><\/div>\t\t\t\t<\/div>\n\t\t\t\t<\/div>\n\t\t\t\t<div class=\"elementor-element elementor-element-cd7a0c6 elementor-widget__width-initial elementor-widget-tablet__width-initial elementor-widget-mobile__width-inherit elementor-position-top elementor-widget elementor-widget-image-box\" data-id=\"cd7a0c6\" data-element_type=\"widget\" data-widget_type=\"image-box.default\">\n\t\t\t\t<div class=\"elementor-widget-container\">\n\t\t\t\t\t<div class=\"elementor-image-box-wrapper\"><figure class=\"elementor-image-box-img\"><img decoding=\"async\" width=\"500\" height=\"320\" src=\"https:\/\/sy-savane-company.com\/wp-content\/uploads\/2023\/06\/Nouveau-projet-8.jpg\" class=\"attachment-full size-full wp-image-1182\" alt=\"Maison de luxe\" srcset=\"https:\/\/sy-savane-company.com\/wp-content\/uploads\/2023\/06\/Nouveau-projet-8.jpg 500w, https:\/\/sy-savane-company.com\/wp-content\/uploads\/2023\/06\/Nouveau-projet-8-300x192.jpg 300w\" sizes=\"(max-width: 500px) 100vw, 500px\" \/><\/figure><div class=\"elementor-image-box-content\"><h4 class=\"elementor-image-box-title\">Maison de luxe<\/h4><p class=\"elementor-image-box-description\">Ne manquez pas l'opportunit\u00e9 de poss\u00e9der une maison de luxe qui refl\u00e8te votre style de vie et vos aspirations.....<br><a href=\"https:\/\/sy-savane-company.com\/?page_id=1238\">voir plus...<\/a><\/p><\/div><\/div>\t\t\t\t<\/div>\n\t\t\t\t<\/div>\n\t\t\t\t<div class=\"elementor-element elementor-element-56af1c9 elementor-widget__width-initial elementor-widget-tablet__width-initial elementor-widget-mobile__width-inherit elementor-position-top elementor-widget elementor-widget-image-box\" data-id=\"56af1c9\" data-element_type=\"widget\" data-widget_type=\"image-box.default\">\n\t\t\t\t<div class=\"elementor-widget-container\">\n\t\t\t\t\t<div class=\"elementor-image-box-wrapper\"><figure class=\"elementor-image-box-img\"><img loading=\"lazy\" decoding=\"async\" width=\"500\" height=\"320\" src=\"https:\/\/sy-savane-company.com\/wp-content\/uploads\/2023\/06\/Nouveau-projet-9.jpg\" class=\"attachment-full size-full wp-image-1186\" alt=\"Amenagement foncier\" srcset=\"https:\/\/sy-savane-company.com\/wp-content\/uploads\/2023\/06\/Nouveau-projet-9.jpg 500w, https:\/\/sy-savane-company.com\/wp-content\/uploads\/2023\/06\/Nouveau-projet-9-300x192.jpg 300w\" sizes=\"(max-width: 500px) 100vw, 500px\" \/><\/figure><div class=\"elementor-image-box-content\"><h4 class=\"elementor-image-box-title\">Am\u00e9nagement foncier<\/h4><p class=\"elementor-image-box-description\">D\u00e9couvrez notre expertise en am\u00e9nagement foncier ! Que vous soyez un promoteur immobilier...<br>\nvoir plus..<\/p><\/div><\/div>\t\t\t\t<\/div>\n\t\t\t\t<\/div>\n\t\t\t\t<div class=\"elementor-element elementor-element-ff6dc9f elementor-widget__width-initial elementor-widget-tablet__width-initial elementor-widget-mobile__width-inherit elementor-position-top elementor-widget elementor-widget-image-box\" data-id=\"ff6dc9f\" data-element_type=\"widget\" data-widget_type=\"image-box.default\">\n\t\t\t\t<div class=\"elementor-widget-container\">\n\t\t\t\t\t<div class=\"elementor-image-box-wrapper\"><figure class=\"elementor-image-box-img\"><img loading=\"lazy\" decoding=\"async\" width=\"500\" height=\"320\" src=\"https:\/\/sy-savane-company.com\/wp-content\/uploads\/2023\/06\/POINT-SUR-BBC-ET-SEAFEM.docx.png\" class=\"attachment-full size-full wp-image-1193\" alt=\"Meuble de luxe\" srcset=\"https:\/\/sy-savane-company.com\/wp-content\/uploads\/2023\/06\/POINT-SUR-BBC-ET-SEAFEM.docx.png 500w, https:\/\/sy-savane-company.com\/wp-content\/uploads\/2023\/06\/POINT-SUR-BBC-ET-SEAFEM.docx-300x192.png 300w\" sizes=\"(max-width: 500px) 100vw, 500px\" \/><\/figure><div class=\"elementor-image-box-content\"><h4 class=\"elementor-image-box-title\">Meuble de luxe<\/h4><p class=\"elementor-image-box-description\">D\u00e9couvrez notre collection exclusive de meubles de luxe \u00e0 vendre. Si vous recherchez des pi\u00e8ces uniques qui allient ...<br>\nvoir plus..<\/p><\/div><\/div>\t\t\t\t<\/div>\n\t\t\t\t<\/div>\n\t\t\t\t<div class=\"elementor-element elementor-element-24b722c elementor-widget__width-initial elementor-widget-tablet__width-initial elementor-widget-mobile__width-inherit elementor-position-top elementor-widget elementor-widget-image-box\" data-id=\"24b722c\" data-element_type=\"widget\" data-widget_type=\"image-box.default\">\n\t\t\t\t<div class=\"elementor-widget-container\">\n\t\t\t\t\t<div class=\"elementor-image-box-wrapper\"><figure class=\"elementor-image-box-img\"><a href=\"https:\/\/sy-savane-company.com\/?page_id=1242\" tabindex=\"-1\"><img loading=\"lazy\" decoding=\"async\" width=\"500\" height=\"320\" src=\"https:\/\/sy-savane-company.com\/wp-content\/uploads\/2023\/06\/Nouveau-projet-10.jpg\" class=\"attachment-full size-full wp-image-1197\" alt=\"brique de construction\" srcset=\"https:\/\/sy-savane-company.com\/wp-content\/uploads\/2023\/06\/Nouveau-projet-10.jpg 500w, https:\/\/sy-savane-company.com\/wp-content\/uploads\/2023\/06\/Nouveau-projet-10-300x192.jpg 300w\" sizes=\"(max-width: 500px) 100vw, 500px\" \/><\/a><\/figure><div class=\"elementor-image-box-content\"><h4 class=\"elementor-image-box-title\"><a href=\"https:\/\/sy-savane-company.com\/?page_id=1242\">Vente de brique<\/a><\/h4><p class=\"elementor-image-box-description\">D\u00e9couvrez notre large s\u00e9lection de briques de construction de haute qualit\u00e9 ! Si vous recherchez des mat\u00e9riaux solides...<br><a href=\"https:\/\/sy-savane-company.com\/?page_id=1238\">voir plus...<\/a><\/p><\/div><\/div>\t\t\t\t<\/div>\n\t\t\t\t<\/div>\n\t\t\t\t\t<\/div>\n\t\t<\/div>\n\t\t\t\t\t<\/div>\n\t\t<\/section>\n\t\t\t\t<\/div>\n\t\t","protected":false},"excerpt":{"rendered":"<p>Nos services Nos services Vente de terrain &#8211; Machine de construction-Maison de luxe-Am\u00e9nagement foncier-Vent de meuble de luxe -vente de brique de construction Vente de terrain D\u00e9couvrez nos terrains exceptionnels \u00e0 vendre ! Si vous recherchez l&#8217;endroit id\u00e9al pour construire votre maison de r\u00eave.voir plus&#8230; Machine de construction D\u00e9couvrez notre s\u00e9lection de machines de construction [&hellip;]<\/p>\n","protected":false},"author":1,"featured_media":0,"parent":0,"menu_order":0,"comment_status":"closed","ping_status":"closed","template":"","meta":{"site-sidebar-layout":"no-sidebar","site-content-layout":"page-builder","ast-site-content-layout":"default","site-content-style":"default","site-sidebar-style":"default","ast-global-header-display":"","ast-banner-title-visibility":"","ast-main-header-display":"","ast-hfb-above-header-display":"","ast-hfb-below-header-display":"","ast-hfb-mobile-header-display":"","site-post-title":"disabled","ast-breadcrumbs-content":"disabled","ast-featured-img":"disabled","footer-sml-layout":"","theme-transparent-header-meta":"enabled","adv-header-id-meta":"","stick-header-meta":"","header-above-stick-meta":"","header-main-stick-meta":"","header-below-stick-meta":"","astra-migrate-meta-layouts":"default","ast-page-background-enabled":"default","ast-page-background-meta":{"desktop":{"background-color":"","background-image":"","background-repeat":"repeat","background-position":"center center","background-size":"auto","background-attachment":"scroll","background-type":"","background-media":"","overlay-type":"","overlay-color":"","overlay-opacity":"","overlay-gradient":""},"tablet":{"background-color":"","background-image":"","background-repeat":"repeat","background-position":"center center","background-size":"auto","background-attachment":"scroll","background-type":"","background-media":"","overlay-type":"","overlay-color":"","overlay-opacity":"","overlay-gradient":""},"mobile":{"background-color":"","background-image":"","background-repeat":"repeat","background-position":"center center","background-size":"auto","background-attachment":"scroll","background-type":"","background-media":"","overlay-type":"","overlay-color":"","overlay-opacity":"","overlay-gradient":""}},"ast-content-background-meta":{"desktop":{"background-color":"var(--ast-global-color-5)","background-image":"","background-repeat":"repeat","background-position":"center center","background-size":"auto","background-attachment":"scroll","background-type":"","background-media":"","overlay-type":"","overlay-color":"","overlay-opacity":"","overlay-gradient":""},"tablet":{"background-color":"var(--ast-global-color-5)","background-image":"","background-repeat":"repeat","background-position":"center center","background-size":"auto","background-attachment":"scroll","background-type":"","background-media":"","overlay-type":"","overlay-color":"","overlay-opacity":"","overlay-gradient":""},"mobile":{"background-color":"var(--ast-global-color-5)","background-image":"","background-repeat":"repeat","background-position":"center center","background-size":"auto","background-attachment":"scroll","background-type":"","background-media":"","overlay-type":"","overlay-color":"","overlay-opacity":"","overlay-gradient":""}},"_joinchat":[],"footnotes":""},"class_list":["post-939","page","type-page","status-publish","hentry"],"yoast_head":"<!-- This site is optimized with the Yoast SEO plugin v25.9 - https:\/\/yoast.com\/wordpress\/plugins\/seo\/ -->\n<title>Quels sont les services de la soci\u00e9t\u00e9 SY-SAVANE COMPANY ?<\/title>\n<meta name=\"description\" content=\"D\u00e9couvrez nos services de qualit\u00e9 dans la vente de terrain , am\u00e9nagement foncier , meuble et maison de luxe , machine et brique de construction\" \/>\n<meta name=\"robots\" content=\"index, follow, max-snippet:-1, max-image-preview:large, max-video-preview:-1\" \/>\n<link rel=\"canonical\" href=\"https:\/\/sy-savane-company.com\/?page_id=939\" \/>\n<meta property=\"og:locale\" content=\"fr_FR\" \/>\n<meta property=\"og:type\" content=\"article\" \/>\n<meta property=\"og:title\" content=\"Quels sont les services de la soci\u00e9t\u00e9 SY-SAVANE COMPANY ?\" \/>\n<meta property=\"og:description\" content=\"D\u00e9couvrez nos services de qualit\u00e9 dans la vente de terrain , am\u00e9nagement foncier , meuble et maison de luxe , machine et brique de construction\" \/>\n<meta property=\"og:url\" content=\"https:\/\/sy-savane-company.com\/?page_id=939\" \/>\n<meta property=\"og:site_name\" content=\"Roofing Agency\" \/>\n<meta property=\"article:publisher\" content=\"https:\/\/www.facebook.com\/profile.php?id=100092212525666&amp;mibextid=LQQJ4d\" \/>\n<meta property=\"article:modified_time\" content=\"2026-02-23T10:15:30+00:00\" \/>\n<meta property=\"og:image\" content=\"https:\/\/sy-savane-company.com\/wp-content\/uploads\/2023\/06\/Nouveau-projet-6.jpg\" \/>\n\t<meta property=\"og:image:width\" content=\"500\" \/>\n\t<meta property=\"og:image:height\" content=\"320\" \/>\n\t<meta property=\"og:image:type\" content=\"image\/jpeg\" \/>\n<meta name=\"twitter:card\" content=\"summary_large_image\" \/>\n<meta name=\"twitter:label1\" content=\"Dur\u00e9e de lecture estim\u00e9e\" \/>\n\t<meta name=\"twitter:data1\" content=\"2 minutes\" \/>\n<script type=\"application\/ld+json\" class=\"yoast-schema-graph\">{\"@context\":\"https:\/\/schema.org\",\"@graph\":[{\"@type\":\"WebPage\",\"@id\":\"https:\/\/sy-savane-company.com\/?page_id=939\",\"url\":\"https:\/\/sy-savane-company.com\/?page_id=939\",\"name\":\"Quels sont les services de la soci\u00e9t\u00e9 SY-SAVANE COMPANY ?\",\"isPartOf\":{\"@id\":\"https:\/\/sy-savane-company.com\/#website\"},\"primaryImageOfPage\":{\"@id\":\"https:\/\/sy-savane-company.com\/?page_id=939#primaryimage\"},\"image\":{\"@id\":\"https:\/\/sy-savane-company.com\/?page_id=939#primaryimage\"},\"thumbnailUrl\":\"https:\/\/sy-savane-company.com\/wp-content\/uploads\/2023\/06\/Nouveau-projet-6.jpg\",\"datePublished\":\"2021-06-12T04:25:44+00:00\",\"dateModified\":\"2026-02-23T10:15:30+00:00\",\"description\":\"D\u00e9couvrez nos services de qualit\u00e9 dans la vente de terrain , am\u00e9nagement foncier , meuble et maison de luxe , machine et brique de construction\",\"breadcrumb\":{\"@id\":\"https:\/\/sy-savane-company.com\/?page_id=939#breadcrumb\"},\"inLanguage\":\"fr-FR\",\"potentialAction\":[{\"@type\":\"ReadAction\",\"target\":[\"https:\/\/sy-savane-company.com\/?page_id=939\"]}]},{\"@type\":\"ImageObject\",\"inLanguage\":\"fr-FR\",\"@id\":\"https:\/\/sy-savane-company.com\/?page_id=939#primaryimage\",\"url\":\"https:\/\/sy-savane-company.com\/wp-content\/uploads\/2023\/06\/Nouveau-projet-6.jpg\",\"contentUrl\":\"https:\/\/sy-savane-company.com\/wp-content\/uploads\/2023\/06\/Nouveau-projet-6.jpg\",\"width\":500,\"height\":320,\"caption\":\"terrain sy-savane company\"},{\"@type\":\"BreadcrumbList\",\"@id\":\"https:\/\/sy-savane-company.com\/?page_id=939#breadcrumb\",\"itemListElement\":[{\"@type\":\"ListItem\",\"position\":1,\"name\":\"Accueil\",\"item\":\"https:\/\/sy-savane-company.com\/\"},{\"@type\":\"ListItem\",\"position\":2,\"name\":\"SERVICES\"}]},{\"@type\":\"WebSite\",\"@id\":\"https:\/\/sy-savane-company.com\/#website\",\"url\":\"https:\/\/sy-savane-company.com\/\",\"name\":\"Roofing Agency\",\"description\":\"Un citoyen, un terrain\",\"publisher\":{\"@id\":\"https:\/\/sy-savane-company.com\/#organization\"},\"alternateName\":\"sy-savane company\",\"potentialAction\":[{\"@type\":\"SearchAction\",\"target\":{\"@type\":\"EntryPoint\",\"urlTemplate\":\"https:\/\/sy-savane-company.com\/?s={search_term_string}\"},\"query-input\":{\"@type\":\"PropertyValueSpecification\",\"valueRequired\":true,\"valueName\":\"search_term_string\"}}],\"inLanguage\":\"fr-FR\"},{\"@type\":\"Organization\",\"@id\":\"https:\/\/sy-savane-company.com\/#organization\",\"name\":\"SY-SAVANE COMPANY\",\"alternateName\":\"SY-SAVANE COMPANY\",\"url\":\"https:\/\/sy-savane-company.com\/\",\"logo\":{\"@type\":\"ImageObject\",\"inLanguage\":\"fr-FR\",\"@id\":\"https:\/\/sy-savane-company.com\/#\/schema\/logo\/image\/\",\"url\":\"https:\/\/sy-savane-company.com\/wp-content\/uploads\/2023\/06\/cropped-cropped-logo-sy-savane-2.png\",\"contentUrl\":\"https:\/\/sy-savane-company.com\/wp-content\/uploads\/2023\/06\/cropped-cropped-logo-sy-savane-2.png\",\"width\":212,\"height\":230,\"caption\":\"SY-SAVANE COMPANY\"},\"image\":{\"@id\":\"https:\/\/sy-savane-company.com\/#\/schema\/logo\/image\/\"},\"sameAs\":[\"https:\/\/www.facebook.com\/profile.php?id=100092212525666&mibextid=LQQJ4d\",\"https:\/\/www.linkedin.com\/in\/sy-savane-company-luxury-holding-45194b276\",\"https:\/\/www.facebook.com\/DiasporaHoldingImmobilier\"]}]}<\/script>\n<!-- \/ Yoast SEO plugin. -->","yoast_head_json":{"title":"Quels sont les services de la soci\u00e9t\u00e9 SY-SAVANE COMPANY ?","description":"D\u00e9couvrez nos services de qualit\u00e9 dans la vente de terrain , am\u00e9nagement foncier , meuble et maison de luxe , machine et brique de construction","robots":{"index":"index","follow":"follow","max-snippet":"max-snippet:-1","max-image-preview":"max-image-preview:large","max-video-preview":"max-video-preview:-1"},"canonical":"https:\/\/sy-savane-company.com\/?page_id=939","og_locale":"fr_FR","og_type":"article","og_title":"Quels sont les services de la soci\u00e9t\u00e9 SY-SAVANE COMPANY ?","og_description":"D\u00e9couvrez nos services de qualit\u00e9 dans la vente de terrain , am\u00e9nagement foncier , meuble et maison de luxe , machine et brique de construction","og_url":"https:\/\/sy-savane-company.com\/?page_id=939","og_site_name":"Roofing Agency","article_publisher":"https:\/\/www.facebook.com\/profile.php?id=100092212525666&mibextid=LQQJ4d","article_modified_time":"2026-02-23T10:15:30+00:00","og_image":[{"width":500,"height":320,"url":"https:\/\/sy-savane-company.com\/wp-content\/uploads\/2023\/06\/Nouveau-projet-6.jpg","type":"image\/jpeg"}],"twitter_card":"summary_large_image","twitter_misc":{"Dur\u00e9e de lecture estim\u00e9e":"2 minutes"},"schema":{"@context":"https:\/\/schema.org","@graph":[{"@type":"WebPage","@id":"https:\/\/sy-savane-company.com\/?page_id=939","url":"https:\/\/sy-savane-company.com\/?page_id=939","name":"Quels sont les services de la soci\u00e9t\u00e9 SY-SAVANE COMPANY ?","isPartOf":{"@id":"https:\/\/sy-savane-company.com\/#website"},"primaryImageOfPage":{"@id":"https:\/\/sy-savane-company.com\/?page_id=939#primaryimage"},"image":{"@id":"https:\/\/sy-savane-company.com\/?page_id=939#primaryimage"},"thumbnailUrl":"https:\/\/sy-savane-company.com\/wp-content\/uploads\/2023\/06\/Nouveau-projet-6.jpg","datePublished":"2021-06-12T04:25:44+00:00","dateModified":"2026-02-23T10:15:30+00:00","description":"D\u00e9couvrez nos services de qualit\u00e9 dans la vente de terrain , am\u00e9nagement foncier , meuble et maison de luxe , machine et brique de construction","breadcrumb":{"@id":"https:\/\/sy-savane-company.com\/?page_id=939#breadcrumb"},"inLanguage":"fr-FR","potentialAction":[{"@type":"ReadAction","target":["https:\/\/sy-savane-company.com\/?page_id=939"]}]},{"@type":"ImageObject","inLanguage":"fr-FR","@id":"https:\/\/sy-savane-company.com\/?page_id=939#primaryimage","url":"https:\/\/sy-savane-company.com\/wp-content\/uploads\/2023\/06\/Nouveau-projet-6.jpg","contentUrl":"https:\/\/sy-savane-company.com\/wp-content\/uploads\/2023\/06\/Nouveau-projet-6.jpg","width":500,"height":320,"caption":"terrain sy-savane company"},{"@type":"BreadcrumbList","@id":"https:\/\/sy-savane-company.com\/?page_id=939#breadcrumb","itemListElement":[{"@type":"ListItem","position":1,"name":"Accueil","item":"https:\/\/sy-savane-company.com\/"},{"@type":"ListItem","position":2,"name":"SERVICES"}]},{"@type":"WebSite","@id":"https:\/\/sy-savane-company.com\/#website","url":"https:\/\/sy-savane-company.com\/","name":"Roofing Agency","description":"Un citoyen, un terrain","publisher":{"@id":"https:\/\/sy-savane-company.com\/#organization"},"alternateName":"sy-savane company","potentialAction":[{"@type":"SearchAction","target":{"@type":"EntryPoint","urlTemplate":"https:\/\/sy-savane-company.com\/?s={search_term_string}"},"query-input":{"@type":"PropertyValueSpecification","valueRequired":true,"valueName":"search_term_string"}}],"inLanguage":"fr-FR"},{"@type":"Organization","@id":"https:\/\/sy-savane-company.com\/#organization","name":"SY-SAVANE COMPANY","alternateName":"SY-SAVANE COMPANY","url":"https:\/\/sy-savane-company.com\/","logo":{"@type":"ImageObject","inLanguage":"fr-FR","@id":"https:\/\/sy-savane-company.com\/#\/schema\/logo\/image\/","url":"https:\/\/sy-savane-company.com\/wp-content\/uploads\/2023\/06\/cropped-cropped-logo-sy-savane-2.png","contentUrl":"https:\/\/sy-savane-company.com\/wp-content\/uploads\/2023\/06\/cropped-cropped-logo-sy-savane-2.png","width":212,"height":230,"caption":"SY-SAVANE COMPANY"},"image":{"@id":"https:\/\/sy-savane-company.com\/#\/schema\/logo\/image\/"},"sameAs":["https:\/\/www.facebook.com\/profile.php?id=100092212525666&mibextid=LQQJ4d","https:\/\/www.linkedin.com\/in\/sy-savane-company-luxury-holding-45194b276","https:\/\/www.facebook.com\/DiasporaHoldingImmobilier"]}]}},"jetpack_sharing_enabled":true,"_links":{"self":[{"href":"https:\/\/sy-savane-company.com\/index.php?rest_route=\/wp\/v2\/pages\/939","targetHints":{"allow":["GET"]}}],"collection":[{"href":"https:\/\/sy-savane-company.com\/index.php?rest_route=\/wp\/v2\/pages"}],"about":[{"href":"https:\/\/sy-savane-company.com\/index.php?rest_route=\/wp\/v2\/types\/page"}],"author":[{"embeddable":true,"href":"https:\/\/sy-savane-company.com\/index.php?rest_route=\/wp\/v2\/users\/1"}],"replies":[{"embeddable":true,"href":"https:\/\/sy-savane-company.com\/index.php?rest_route=%2Fwp%2Fv2%2Fcomments&post=939"}],"version-history":[{"count":69,"href":"https:\/\/sy-savane-company.com\/index.php?rest_route=\/wp\/v2\/pages\/939\/revisions"}],"predecessor-version":[{"id":1792,"href":"https:\/\/sy-savane-company.com\/index.php?rest_route=\/wp\/v2\/pages\/939\/revisions\/1792"}],"wp:attachment":[{"href":"https:\/\/sy-savane-company.com\/index.php?rest_route=%2Fwp%2Fv2%2Fmedia&parent=939"}],"curies":[{"name":"wp","href":"https:\/\/api.w.org\/{rel}","templated":true}]}}