{"id":1707,"date":"2023-07-12T13:41:15","date_gmt":"2023-07-12T11:41:15","guid":{"rendered":"https:\/\/sy-savane-company.com\/?post_type=product&#038;p=1707"},"modified":"2023-07-12T14:28:54","modified_gmt":"2023-07-12T12:28:54","slug":"vente-de-machine-de-construction-de-brique","status":"publish","type":"product","link":"https:\/\/sy-savane-company.com\/?product=vente-de-machine-de-construction-de-brique","title":{"rendered":"Machine de fabrication de blocs de b\u00e9ton QTJ4-40B"},"content":{"rendered":"<p><span>Cette machine est une machine \u00e9conomique avec la caract\u00e9ristique d&#8217;une structure compacte, facile \u00e0 utiliser et \u00e0 entretenir, de petits retours rapides sur investissement et elle convient aux investisseurs qui sont \u00e0 petite ou moyenne \u00e9chelle pour \u00e9quiper cette ligne de production automatique simple.<\/span><\/p>\n<p><span>1) Introduire le convertisseur de fr\u00e9quence, \u00e9conomise l&#8217;\u00e9nergie.<\/span><br \/>\n<span>2) Toute l&#8217;action est contr\u00f4l\u00e9e par une vitesse \u00e9lev\u00e9e-basse, ce qui peut am\u00e9liorer la vitesse de travail de l&#8217;\u00e9quipement et r\u00e9duire l&#8217;impact sur l&#8217;\u00e9quipement, la dur\u00e9e de vie de la machine est grandement am\u00e9lior\u00e9e.<\/span><br \/>\n<span>3) Le syst\u00e8me de vibration adopte une vibration \u00e0 double moteur, un moulage par compression, un d\u00e9moulage synchrone, avec une efficacit\u00e9 de production \u00e9lev\u00e9e et un temps de cycle court.\u00a0La vitesse de fonctionnement du moteur peut \u00eatre ajust\u00e9e pour diff\u00e9rentes mati\u00e8res premi\u00e8res afin d&#8217;obtenir de bonnes vibrations.<\/span><br \/>\n<span>4) Le syst\u00e8me d&#8217;alimentation en agr\u00e9gats adopte un chariot de ratissage rotatif, une alimentation rapide de haute qualit\u00e9, facile \u00e0 changer de r\u00e2teau et d&#8217;entretien<\/span><br \/>\n<span>5) Structure compacte, op\u00e9ration et entretien faciles, solide et fiable, adapt\u00e9 aux clients qui commencent l&#8217;investissement.<\/span><\/p>\n","protected":false},"excerpt":{"rendered":"<p>Cette machine est une machine \u00e9conomique avec la caract\u00e9ristique d&#8217;une structure compacte, facile \u00e0 utiliser et \u00e0 entretenir, de petits retours rapides sur investissement et elle convient aux investisseurs qui sont \u00e0 petite ou moyenne \u00e9chelle pour \u00e9quiper cette ligne de production automatique simple.<\/p>\n","protected":false},"featured_media":1708,"comment_status":"open","ping_status":"closed","template":"","meta":{"site-sidebar-layout":"default","site-content-layout":"default","ast-site-content-layout":"default","site-content-style":"default","site-sidebar-style":"default","ast-global-header-display":"","ast-banner-title-visibility":"","ast-main-header-display":"","ast-hfb-above-header-display":"","ast-hfb-below-header-display":"","ast-hfb-mobile-header-display":"","site-post-title":"","ast-breadcrumbs-content":"","ast-featured-img":"","footer-sml-layout":"","theme-transparent-header-meta":"default","adv-header-id-meta":"","stick-header-meta":"","header-above-stick-meta":"","header-main-stick-meta":"","header-below-stick-meta":"","astra-migrate-meta-layouts":"default","ast-page-background-enabled":"default","ast-page-background-meta":{"desktop":{"background-color":"","background-image":"","background-repeat":"repeat","background-position":"center center","background-size":"auto","background-attachment":"scroll","background-type":"","background-media":"","overlay-type":"","overlay-color":"","overlay-opacity":"","overlay-gradient":""},"tablet":{"background-color":"","background-image":"","background-repeat":"repeat","background-position":"center center","background-size":"auto","background-attachment":"scroll","background-type":"","background-media":"","overlay-type":"","overlay-color":"","overlay-opacity":"","overlay-gradient":""},"mobile":{"background-color":"","background-image":"","background-repeat":"repeat","background-position":"center center","background-size":"auto","background-attachment":"scroll","background-type":"","background-media":"","overlay-type":"","overlay-color":"","overlay-opacity":"","overlay-gradient":""}},"ast-content-background-meta":{"desktop":{"background-color":"var(--ast-global-color-5)","background-image":"","background-repeat":"repeat","background-position":"center center","background-size":"auto","background-attachment":"scroll","background-type":"","background-media":"","overlay-type":"","overlay-color":"","overlay-opacity":"","overlay-gradient":""},"tablet":{"background-color":"var(--ast-global-color-5)","background-image":"","background-repeat":"repeat","background-position":"center center","background-size":"auto","background-attachment":"scroll","background-type":"","background-media":"","overlay-type":"","overlay-color":"","overlay-opacity":"","overlay-gradient":""},"mobile":{"background-color":"var(--ast-global-color-5)","background-image":"","background-repeat":"repeat","background-position":"center center","background-size":"auto","background-attachment":"scroll","background-type":"","background-media":"","overlay-type":"","overlay-color":"","overlay-opacity":"","overlay-gradient":""}},"_joinchat":[]},"product_brand":[],"product_cat":[20],"product_tag":[],"class_list":{"0":"post-1707","1":"product","2":"type-product","3":"status-publish","4":"has-post-thumbnail","6":"product_cat-machine","7":"desktop-align-left","8":"tablet-align-left","9":"mobile-align-left","11":"first","12":"instock","13":"shipping-taxable","14":"product-type-simple"},"yoast_head":"<!-- This site is optimized with the Yoast SEO plugin v25.9 - https:\/\/yoast.com\/wordpress\/plugins\/seo\/ -->\n<title>Machine de fabrication de blocs de b\u00e9ton QTJ4-40B - Roofing Agency<\/title>\n<meta name=\"description\" content=\"Vente de machine Machine de fabrication de blocs de b\u00e9ton QTJ4-40B de tr\u00e8s bonne qualit\u00e9 \u00e0 partir de 1.000.000 FCFA chez SY-SAVANE COMPANY\" \/>\n<meta name=\"robots\" content=\"index, follow, max-snippet:-1, max-image-preview:large, max-video-preview:-1\" \/>\n<link rel=\"canonical\" href=\"https:\/\/sy-savane-company.com\/?product=vente-de-machine-de-construction-de-brique\" \/>\n<meta property=\"og:locale\" content=\"fr_FR\" \/>\n<meta property=\"og:type\" content=\"article\" \/>\n<meta property=\"og:title\" content=\"Machine de fabrication de blocs de b\u00e9ton QTJ4-40B - Roofing Agency\" \/>\n<meta property=\"og:description\" content=\"Vente de machine Machine de fabrication de blocs de b\u00e9ton QTJ4-40B de tr\u00e8s bonne qualit\u00e9 \u00e0 partir de 1.000.000 FCFA chez SY-SAVANE COMPANY\" \/>\n<meta property=\"og:url\" content=\"https:\/\/sy-savane-company.com\/?product=vente-de-machine-de-construction-de-brique\" \/>\n<meta property=\"og:site_name\" content=\"Roofing Agency\" \/>\n<meta property=\"article:publisher\" content=\"https:\/\/www.facebook.com\/profile.php?id=100092212525666&amp;mibextid=LQQJ4d\" \/>\n<meta property=\"article:modified_time\" content=\"2023-07-12T12:28:54+00:00\" \/>\n<meta property=\"og:image\" content=\"http:\/\/sy-savane-company.com\/wp-content\/uploads\/2023\/07\/Nouveau-projet-30.jpg\" \/>\n\t<meta property=\"og:image:width\" content=\"200\" \/>\n\t<meta property=\"og:image:height\" content=\"200\" \/>\n\t<meta property=\"og:image:type\" content=\"image\/jpeg\" \/>\n<meta name=\"twitter:card\" content=\"summary_large_image\" \/>\n<meta name=\"twitter:label1\" content=\"Dur\u00e9e de lecture estim\u00e9e\" \/>\n\t<meta name=\"twitter:data1\" content=\"1 minute\" \/>\n<script type=\"application\/ld+json\" class=\"yoast-schema-graph\">{\"@context\":\"https:\/\/schema.org\",\"@graph\":[{\"@type\":\"WebPage\",\"@id\":\"https:\/\/sy-savane-company.com\/?product=vente-de-machine-de-construction-de-brique\",\"url\":\"https:\/\/sy-savane-company.com\/?product=vente-de-machine-de-construction-de-brique\",\"name\":\"Machine de fabrication de blocs de b\u00e9ton QTJ4-40B - Roofing Agency\",\"isPartOf\":{\"@id\":\"https:\/\/sy-savane-company.com\/#website\"},\"primaryImageOfPage\":{\"@id\":\"https:\/\/sy-savane-company.com\/?product=vente-de-machine-de-construction-de-brique#primaryimage\"},\"image\":{\"@id\":\"https:\/\/sy-savane-company.com\/?product=vente-de-machine-de-construction-de-brique#primaryimage\"},\"thumbnailUrl\":\"https:\/\/sy-savane-company.com\/wp-content\/uploads\/2023\/07\/Nouveau-projet-30.jpg\",\"datePublished\":\"2023-07-12T11:41:15+00:00\",\"dateModified\":\"2023-07-12T12:28:54+00:00\",\"description\":\"Vente de machine Machine de fabrication de blocs de b\u00e9ton QTJ4-40B de tr\u00e8s bonne qualit\u00e9 \u00e0 partir de 1.000.000 FCFA chez SY-SAVANE COMPANY\",\"breadcrumb\":{\"@id\":\"https:\/\/sy-savane-company.com\/?product=vente-de-machine-de-construction-de-brique#breadcrumb\"},\"inLanguage\":\"fr-FR\",\"potentialAction\":[{\"@type\":\"ReadAction\",\"target\":[\"https:\/\/sy-savane-company.com\/?product=vente-de-machine-de-construction-de-brique\"]}]},{\"@type\":\"ImageObject\",\"inLanguage\":\"fr-FR\",\"@id\":\"https:\/\/sy-savane-company.com\/?product=vente-de-machine-de-construction-de-brique#primaryimage\",\"url\":\"https:\/\/sy-savane-company.com\/wp-content\/uploads\/2023\/07\/Nouveau-projet-30.jpg\",\"contentUrl\":\"https:\/\/sy-savane-company.com\/wp-content\/uploads\/2023\/07\/Nouveau-projet-30.jpg\",\"width\":200,\"height\":200,\"caption\":\"Machine de fabrication de blocs de b\u00e9ton QTJ4-40B de sy-savane company\"},{\"@type\":\"BreadcrumbList\",\"@id\":\"https:\/\/sy-savane-company.com\/?product=vente-de-machine-de-construction-de-brique#breadcrumb\",\"itemListElement\":[{\"@type\":\"ListItem\",\"position\":1,\"name\":\"Accueil\",\"item\":\"https:\/\/sy-savane-company.com\/\"},{\"@type\":\"ListItem\",\"position\":2,\"name\":\"Produits\",\"item\":\"https:\/\/sy-savane-company.com\/?post_type=product\"},{\"@type\":\"ListItem\",\"position\":3,\"name\":\"Machine de fabrication de blocs de b\u00e9ton QTJ4-40B\"}]},{\"@type\":\"WebSite\",\"@id\":\"https:\/\/sy-savane-company.com\/#website\",\"url\":\"https:\/\/sy-savane-company.com\/\",\"name\":\"Roofing Agency\",\"description\":\"Un citoyen, un terrain\",\"publisher\":{\"@id\":\"https:\/\/sy-savane-company.com\/#organization\"},\"alternateName\":\"sy-savane company\",\"potentialAction\":[{\"@type\":\"SearchAction\",\"target\":{\"@type\":\"EntryPoint\",\"urlTemplate\":\"https:\/\/sy-savane-company.com\/?s={search_term_string}\"},\"query-input\":{\"@type\":\"PropertyValueSpecification\",\"valueRequired\":true,\"valueName\":\"search_term_string\"}}],\"inLanguage\":\"fr-FR\"},{\"@type\":\"Organization\",\"@id\":\"https:\/\/sy-savane-company.com\/#organization\",\"name\":\"SY-SAVANE COMPANY\",\"alternateName\":\"SY-SAVANE COMPANY\",\"url\":\"https:\/\/sy-savane-company.com\/\",\"logo\":{\"@type\":\"ImageObject\",\"inLanguage\":\"fr-FR\",\"@id\":\"https:\/\/sy-savane-company.com\/#\/schema\/logo\/image\/\",\"url\":\"https:\/\/sy-savane-company.com\/wp-content\/uploads\/2023\/06\/cropped-cropped-logo-sy-savane-2.png\",\"contentUrl\":\"https:\/\/sy-savane-company.com\/wp-content\/uploads\/2023\/06\/cropped-cropped-logo-sy-savane-2.png\",\"width\":212,\"height\":230,\"caption\":\"SY-SAVANE COMPANY\"},\"image\":{\"@id\":\"https:\/\/sy-savane-company.com\/#\/schema\/logo\/image\/\"},\"sameAs\":[\"https:\/\/www.facebook.com\/profile.php?id=100092212525666&mibextid=LQQJ4d\",\"https:\/\/www.linkedin.com\/in\/sy-savane-company-luxury-holding-45194b276\",\"https:\/\/www.facebook.com\/DiasporaHoldingImmobilier\"]}]}<\/script>\n<!-- \/ Yoast SEO plugin. -->","yoast_head_json":{"title":"Machine de fabrication de blocs de b\u00e9ton QTJ4-40B - Roofing Agency","description":"Vente de machine Machine de fabrication de blocs de b\u00e9ton QTJ4-40B de tr\u00e8s bonne qualit\u00e9 \u00e0 partir de 1.000.000 FCFA chez SY-SAVANE COMPANY","robots":{"index":"index","follow":"follow","max-snippet":"max-snippet:-1","max-image-preview":"max-image-preview:large","max-video-preview":"max-video-preview:-1"},"canonical":"https:\/\/sy-savane-company.com\/?product=vente-de-machine-de-construction-de-brique","og_locale":"fr_FR","og_type":"article","og_title":"Machine de fabrication de blocs de b\u00e9ton QTJ4-40B - Roofing Agency","og_description":"Vente de machine Machine de fabrication de blocs de b\u00e9ton QTJ4-40B de tr\u00e8s bonne qualit\u00e9 \u00e0 partir de 1.000.000 FCFA chez SY-SAVANE COMPANY","og_url":"https:\/\/sy-savane-company.com\/?product=vente-de-machine-de-construction-de-brique","og_site_name":"Roofing Agency","article_publisher":"https:\/\/www.facebook.com\/profile.php?id=100092212525666&mibextid=LQQJ4d","article_modified_time":"2023-07-12T12:28:54+00:00","og_image":[{"width":200,"height":200,"url":"http:\/\/sy-savane-company.com\/wp-content\/uploads\/2023\/07\/Nouveau-projet-30.jpg","type":"image\/jpeg"}],"twitter_card":"summary_large_image","twitter_misc":{"Dur\u00e9e de lecture estim\u00e9e":"1 minute"},"schema":{"@context":"https:\/\/schema.org","@graph":[{"@type":"WebPage","@id":"https:\/\/sy-savane-company.com\/?product=vente-de-machine-de-construction-de-brique","url":"https:\/\/sy-savane-company.com\/?product=vente-de-machine-de-construction-de-brique","name":"Machine de fabrication de blocs de b\u00e9ton QTJ4-40B - Roofing Agency","isPartOf":{"@id":"https:\/\/sy-savane-company.com\/#website"},"primaryImageOfPage":{"@id":"https:\/\/sy-savane-company.com\/?product=vente-de-machine-de-construction-de-brique#primaryimage"},"image":{"@id":"https:\/\/sy-savane-company.com\/?product=vente-de-machine-de-construction-de-brique#primaryimage"},"thumbnailUrl":"https:\/\/sy-savane-company.com\/wp-content\/uploads\/2023\/07\/Nouveau-projet-30.jpg","datePublished":"2023-07-12T11:41:15+00:00","dateModified":"2023-07-12T12:28:54+00:00","description":"Vente de machine Machine de fabrication de blocs de b\u00e9ton QTJ4-40B de tr\u00e8s bonne qualit\u00e9 \u00e0 partir de 1.000.000 FCFA chez SY-SAVANE COMPANY","breadcrumb":{"@id":"https:\/\/sy-savane-company.com\/?product=vente-de-machine-de-construction-de-brique#breadcrumb"},"inLanguage":"fr-FR","potentialAction":[{"@type":"ReadAction","target":["https:\/\/sy-savane-company.com\/?product=vente-de-machine-de-construction-de-brique"]}]},{"@type":"ImageObject","inLanguage":"fr-FR","@id":"https:\/\/sy-savane-company.com\/?product=vente-de-machine-de-construction-de-brique#primaryimage","url":"https:\/\/sy-savane-company.com\/wp-content\/uploads\/2023\/07\/Nouveau-projet-30.jpg","contentUrl":"https:\/\/sy-savane-company.com\/wp-content\/uploads\/2023\/07\/Nouveau-projet-30.jpg","width":200,"height":200,"caption":"Machine de fabrication de blocs de b\u00e9ton QTJ4-40B de sy-savane company"},{"@type":"BreadcrumbList","@id":"https:\/\/sy-savane-company.com\/?product=vente-de-machine-de-construction-de-brique#breadcrumb","itemListElement":[{"@type":"ListItem","position":1,"name":"Accueil","item":"https:\/\/sy-savane-company.com\/"},{"@type":"ListItem","position":2,"name":"Produits","item":"https:\/\/sy-savane-company.com\/?post_type=product"},{"@type":"ListItem","position":3,"name":"Machine de fabrication de blocs de b\u00e9ton QTJ4-40B"}]},{"@type":"WebSite","@id":"https:\/\/sy-savane-company.com\/#website","url":"https:\/\/sy-savane-company.com\/","name":"Roofing Agency","description":"Un citoyen, un terrain","publisher":{"@id":"https:\/\/sy-savane-company.com\/#organization"},"alternateName":"sy-savane company","potentialAction":[{"@type":"SearchAction","target":{"@type":"EntryPoint","urlTemplate":"https:\/\/sy-savane-company.com\/?s={search_term_string}"},"query-input":{"@type":"PropertyValueSpecification","valueRequired":true,"valueName":"search_term_string"}}],"inLanguage":"fr-FR"},{"@type":"Organization","@id":"https:\/\/sy-savane-company.com\/#organization","name":"SY-SAVANE COMPANY","alternateName":"SY-SAVANE COMPANY","url":"https:\/\/sy-savane-company.com\/","logo":{"@type":"ImageObject","inLanguage":"fr-FR","@id":"https:\/\/sy-savane-company.com\/#\/schema\/logo\/image\/","url":"https:\/\/sy-savane-company.com\/wp-content\/uploads\/2023\/06\/cropped-cropped-logo-sy-savane-2.png","contentUrl":"https:\/\/sy-savane-company.com\/wp-content\/uploads\/2023\/06\/cropped-cropped-logo-sy-savane-2.png","width":212,"height":230,"caption":"SY-SAVANE COMPANY"},"image":{"@id":"https:\/\/sy-savane-company.com\/#\/schema\/logo\/image\/"},"sameAs":["https:\/\/www.facebook.com\/profile.php?id=100092212525666&mibextid=LQQJ4d","https:\/\/www.linkedin.com\/in\/sy-savane-company-luxury-holding-45194b276","https:\/\/www.facebook.com\/DiasporaHoldingImmobilier"]}]}},"jetpack_sharing_enabled":true,"_links":{"self":[{"href":"https:\/\/sy-savane-company.com\/index.php?rest_route=\/wp\/v2\/product\/1707","targetHints":{"allow":["GET"]}}],"collection":[{"href":"https:\/\/sy-savane-company.com\/index.php?rest_route=\/wp\/v2\/product"}],"about":[{"href":"https:\/\/sy-savane-company.com\/index.php?rest_route=\/wp\/v2\/types\/product"}],"replies":[{"embeddable":true,"href":"https:\/\/sy-savane-company.com\/index.php?rest_route=%2Fwp%2Fv2%2Fcomments&post=1707"}],"wp:featuredmedia":[{"embeddable":true,"href":"https:\/\/sy-savane-company.com\/index.php?rest_route=\/wp\/v2\/media\/1708"}],"wp:attachment":[{"href":"https:\/\/sy-savane-company.com\/index.php?rest_route=%2Fwp%2Fv2%2Fmedia&parent=1707"}],"wp:term":[{"taxonomy":"product_brand","embeddable":true,"href":"https:\/\/sy-savane-company.com\/index.php?rest_route=%2Fwp%2Fv2%2Fproduct_brand&post=1707"},{"taxonomy":"product_cat","embeddable":true,"href":"https:\/\/sy-savane-company.com\/index.php?rest_route=%2Fwp%2Fv2%2Fproduct_cat&post=1707"},{"taxonomy":"product_tag","embeddable":true,"href":"https:\/\/sy-savane-company.com\/index.php?rest_route=%2Fwp%2Fv2%2Fproduct_tag&post=1707"}],"curies":[{"name":"wp","href":"https:\/\/api.w.org\/{rel}","templated":true}]}}